{"id":431,"date":"2022-09-02T23:00:04","date_gmt":"2022-09-02T21:00:04","guid":{"rendered":"https:\/\/ean-barcode.com\/?page_id=431"},"modified":"2022-09-02T23:00:13","modified_gmt":"2022-09-02T21:00:13","slug":"upc-code-vs-ean-code","status":"publish","type":"page","link":"https:\/\/ean-barcode.com\/de-CH\/upc-code-vs-ean-code\/","title":{"rendered":"UPC-Code vs. EAN-Code"},"content":{"rendered":"\n<p>Der Universal Product Code (UPC) ist das amerikanische Pendant zur europ\u00e4ischen Artikelnummer EAN (European Article Number). Er wurde 1973\/1974 eingef\u00fchrt. Ein erstes Patent zu optisch lesbaren Codes geht jedoch bis ins Jahr 1952 zur\u00fcck. Entwickelt wurde der UPC von Ingenieur George J. Laurer (1925\u20132019) ab 1969 bei <a href=\"https:\/\/de.wikipedia.org\/wiki\/IBM\" target=\"_blank\" rel=\"noreferrer noopener\">IBM<\/a>.<\/p>\n\n\n\n<p>Beim UPC wird eine 12-stellige Nummer mit Strichen kodiert, welche dann mit einem Scanner optisch ausgelesen wird. Wie beim EAN stehen auch unter dem UPC die verschl\u00fcsselten Zahlen in Klarschrift, sozusagen als Backup, falls der Balkencode nicht lesbar sein sollte (z. B. weil er zerkratzt ist oder schlecht gedruckt wurde).<\/p>\n\n\n\n<p>Die EAN kam 1977 auf den Markt und ist weitgehend identisch mit dem UPC. EAN kodiert jedoch ein Zeichen mehr, weshalb dieser auch EAN-13 (neu: GTIN-13) genannt wird. Analog dazu hei\u00dft der amerikanische Code UPC-12 oder GTIN-12.<\/p>\n\n\n\n<p>Die erste Transaktion mittels UPC war eine Packung&nbsp;Kaugummi von Wrigley\u2019s, die 1974 in einem Supermarkt in&nbsp;Troy (Ohio, USA)&nbsp;gescannt wurde. Diese neue Technologie zur schnellen und fehlerfreien Erfassung von Produkten wurde weltweit ein durchschlagender Erfolg und ist auch heute, rund 50 Jahre sp\u00e4ter, noch \u00fcberall anzutreffen. Neue Systeme, die auf Funktechnik wie <a href=\"https:\/\/de.wikipedia.org\/wiki\/RFID\" target=\"_blank\" rel=\"noreferrer noopener\">RFID<\/a> basieren, sind jedoch in Vorbereitung und werden den Barcode mittelfristig ersetzen.<\/p>\n\n\n\n<p>IBM hat das Strichcodesystem selbst nicht patentieren lassen, um eine schnelle Verbreitung zu erm\u00f6glichen und daf\u00fcr vom Verkauf von Scannersystemen zu profitieren.<\/p>\n\n\n\n<p>EAN-13-Codes sind UPC-Barcodes, denen als 13. Ziffer eine Null vorangestellt wird. Beide Barcodearten k\u00f6nnen von fast allen Scannern problemlos eingelesen werden. In Nordamerika (USA und Kanada) wird nach wie vor der 12-stellige UPC verwende<strong>t<\/strong>, w\u00e4hrend anderswo auf der Welt der 13-stellige EAN eingesetzt wird.<\/p>\n\n\n\n<p>Falls Ihre Produkte f\u00fcr den nordamerikanischen Markt vorgesehen sind, w\u00e4re dort der UPC dem EAN vorzuziehen. Sie erhalten diesen auch bei uns. Kontaktieren Sie uns dazu \u00fcber das&nbsp;<a href=\"https:\/\/ean-barcode.com\/kontakt\/\">Formular<\/a>&nbsp;oder rufen Sie an.<\/p>\n\n\n\n<p><\/p>\n\n\n\n<p><a href=\"https:\/\/de.wikipedia.org\/wiki\/Universal_Product_Code\" target=\"_blank\" rel=\"noreferrer noopener\">UPC<\/a> und <a href=\"https:\/\/de.wikipedia.org\/wiki\/European_Article_Number\" target=\"_blank\" rel=\"noreferrer noopener\">EAN<\/a> auf Wikipedia<\/p>\n\n\n\n<p><\/p>\n","protected":false},"excerpt":{"rendered":"<p>Der Universal Product Code (UPC) ist das amerikanische Pendant zur europ\u00e4ischen Artikelnummer EAN (European Article Number). Er wurde 1973\/1974 eingef\u00fchrt. Ein erstes Patent zu optisch lesbaren Codes geht jedoch bis ins Jahr 1952 zur\u00fcck. Entwickelt wurde der UPC von Ingenieur George J. Laurer (1925\u20132019) ab 1969 bei IBM. Beim UPC wird eine 12-stellige Nummer mit [&hellip;]<\/p>\n","protected":false},"author":1,"featured_media":0,"parent":0,"menu_order":0,"comment_status":"closed","ping_status":"closed","template":"","meta":{"_locale":"de_CH","_original_post":"https:\/\/ean-barcode.com\/?page_id=120","footnotes":""},"class_list":["post-431","page","type-page","status-publish","hentry","de-CH"],"yoast_head":"<!-- This site is optimized with the Yoast SEO plugin v27.4 - https:\/\/yoast.com\/product\/yoast-seo-wordpress\/ -->\n<title>UPC-Code vs. EAN-Code - ean-barcode schweiz<\/title>\n<meta name=\"description\" content=\"Der Universal Product Code (UPC) ist das nordamerikanische Pendant zum EAN (European Article Number). Entwickelt wurde der UPC bei IBM.\" \/>\n<meta name=\"robots\" content=\"index, follow, max-snippet:-1, max-image-preview:large, max-video-preview:-1\" \/>\n<link rel=\"canonical\" href=\"https:\/\/ean-barcode.com\/upc-code-vs-ean-code\/\" \/>\n<meta property=\"og:locale\" content=\"de_DE\" \/>\n<meta property=\"og:type\" content=\"article\" \/>\n<meta property=\"og:title\" content=\"Vergabestellen f\u00fcr EAN (GTIN), ISBN und ISSN\" \/>\n<meta property=\"og:description\" content=\"Wir machen auch Barcodes aus schon registrierten Nummern (EAN\/GTIN, ISBN, ISSN). Wenn Sie aber nur einen einzelnen (oder wenige) EAN-Codes f\u00fcr Produkte brauchen, k\u00f6nnen Sie diese inkl. Nummer auch bei uns beziehen.\" \/>\n<meta property=\"og:url\" content=\"https:\/\/ean-barcode.com\/upc-code-vs-ean-code\/\" \/>\n<meta property=\"og:site_name\" content=\"ean-barcode schweiz\" \/>\n<meta property=\"article:publisher\" content=\"https:\/\/www.facebook.com\/eanbarcode\" \/>\n<meta property=\"article:modified_time\" content=\"2022-09-02T21:00:13+00:00\" \/>\n<meta name=\"twitter:card\" content=\"summary_large_image\" \/>\n<meta name=\"twitter:site\" content=\"@ean_barcode\" \/>\n<meta name=\"twitter:label1\" content=\"Gesch\u00e4tzte Lesezeit\" \/>\n\t<meta name=\"twitter:data1\" content=\"1\u00a0Minute\" \/>\n<script type=\"application\/ld+json\" class=\"yoast-schema-graph\">{\"@context\":\"https:\\\/\\\/schema.org\",\"@graph\":[{\"@type\":\"WebPage\",\"@id\":\"https:\\\/\\\/ean-barcode.com\\\/upc-code-vs-ean-code\\\/\",\"url\":\"https:\\\/\\\/ean-barcode.com\\\/upc-code-vs-ean-code\\\/\",\"name\":\"UPC-Code vs. EAN-Code - ean-barcode schweiz\",\"isPartOf\":{\"@id\":\"https:\\\/\\\/ean-barcode.com\\\/#website\"},\"datePublished\":\"2022-09-02T21:00:04+00:00\",\"dateModified\":\"2022-09-02T21:00:13+00:00\",\"description\":\"Der Universal Product Code (UPC) ist das nordamerikanische Pendant zum EAN (European Article Number). Entwickelt wurde der UPC bei IBM.\",\"breadcrumb\":{\"@id\":\"https:\\\/\\\/ean-barcode.com\\\/upc-code-vs-ean-code\\\/#breadcrumb\"},\"inLanguage\":\"de-CH\",\"potentialAction\":[{\"@type\":\"ReadAction\",\"target\":[\"https:\\\/\\\/ean-barcode.com\\\/upc-code-vs-ean-code\\\/\"]}]},{\"@type\":\"BreadcrumbList\",\"@id\":\"https:\\\/\\\/ean-barcode.com\\\/upc-code-vs-ean-code\\\/#breadcrumb\",\"itemListElement\":[{\"@type\":\"ListItem\",\"position\":1,\"name\":\"Home\",\"item\":\"https:\\\/\\\/ean-barcode.com\\\/\"},{\"@type\":\"ListItem\",\"position\":2,\"name\":\"UPC-Code vs. EAN-Code\"}]},{\"@type\":\"WebSite\",\"@id\":\"https:\\\/\\\/ean-barcode.com\\\/#website\",\"url\":\"https:\\\/\\\/ean-barcode.com\\\/\",\"name\":\"ean-barcode schweiz\",\"description\":\"Ihr Partner f\u00fcr EAN \\\/ GTIN \\\/ Barcodes \u2013 Schweiz und international\",\"publisher\":{\"@id\":\"https:\\\/\\\/ean-barcode.com\\\/#organization\"},\"potentialAction\":[{\"@type\":\"SearchAction\",\"target\":{\"@type\":\"EntryPoint\",\"urlTemplate\":\"https:\\\/\\\/ean-barcode.com\\\/?s={search_term_string}\"},\"query-input\":{\"@type\":\"PropertyValueSpecification\",\"valueRequired\":true,\"valueName\":\"search_term_string\"}}],\"inLanguage\":\"de-CH\"},{\"@type\":\"Organization\",\"@id\":\"https:\\\/\\\/ean-barcode.com\\\/#organization\",\"name\":\"ean-barcode schweiz\",\"url\":\"https:\\\/\\\/ean-barcode.com\\\/\",\"logo\":{\"@type\":\"ImageObject\",\"inLanguage\":\"de-CH\",\"@id\":\"https:\\\/\\\/ean-barcode.com\\\/#\\\/schema\\\/logo\\\/image\\\/\",\"url\":\"https:\\/\\/ean-barcode.com\\/wp-content\\/uploads\\/2022\\/04\\/ean-barcode-schweiz-logo_fb.jpg\",\"contentUrl\":\"https:\\/\\/ean-barcode.com\\/wp-content\\/uploads\\/2022\\/04\\/ean-barcode-schweiz-logo_fb.jpg\",\"width\":1200,\"height\":630,\"caption\":\"ean-barcode schweiz\"},\"image\":{\"@id\":\"https:\\\/\\\/ean-barcode.com\\\/#\\\/schema\\\/logo\\\/image\\\/\"},\"sameAs\":[\"https:\\\/\\\/www.facebook.com\\\/eanbarcode\",\"https:\\\/\\\/x.com\\\/ean_barcode\"]}]}<\/script>\n<!-- \/ Yoast SEO plugin. -->","yoast_head_json":{"title":"UPC-Code vs. EAN-Code - ean-barcode schweiz","description":"Der Universal Product Code (UPC) ist das nordamerikanische Pendant zum EAN (European Article Number). Entwickelt wurde der UPC bei IBM.","robots":{"index":"index","follow":"follow","max-snippet":"max-snippet:-1","max-image-preview":"max-image-preview:large","max-video-preview":"max-video-preview:-1"},"canonical":"https:\/\/ean-barcode.com\/upc-code-vs-ean-code\/","og_locale":"de_DE","og_type":"article","og_title":"Vergabestellen f\u00fcr EAN (GTIN), ISBN und ISSN","og_description":"Wir machen auch Barcodes aus schon registrierten Nummern (EAN\/GTIN, ISBN, ISSN). Wenn Sie aber nur einen einzelnen (oder wenige) EAN-Codes f\u00fcr Produkte brauchen, k\u00f6nnen Sie diese inkl. Nummer auch bei uns beziehen.","og_url":"https:\/\/ean-barcode.com\/upc-code-vs-ean-code\/","og_site_name":"ean-barcode schweiz","article_publisher":"https:\/\/www.facebook.com\/eanbarcode","article_modified_time":"2022-09-02T21:00:13+00:00","twitter_card":"summary_large_image","twitter_site":"@ean_barcode","twitter_misc":{"Gesch\u00e4tzte Lesezeit":"1\u00a0Minute"},"schema":{"@context":"https:\/\/schema.org","@graph":[{"@type":"WebPage","@id":"https:\/\/ean-barcode.com\/upc-code-vs-ean-code\/","url":"https:\/\/ean-barcode.com\/upc-code-vs-ean-code\/","name":"UPC-Code vs. EAN-Code - ean-barcode schweiz","isPartOf":{"@id":"https:\/\/ean-barcode.com\/#website"},"datePublished":"2022-09-02T21:00:04+00:00","dateModified":"2022-09-02T21:00:13+00:00","description":"Der Universal Product Code (UPC) ist das nordamerikanische Pendant zum EAN (European Article Number). Entwickelt wurde der UPC bei IBM.","breadcrumb":{"@id":"https:\/\/ean-barcode.com\/upc-code-vs-ean-code\/#breadcrumb"},"inLanguage":"de-CH","potentialAction":[{"@type":"ReadAction","target":["https:\/\/ean-barcode.com\/upc-code-vs-ean-code\/"]}]},{"@type":"BreadcrumbList","@id":"https:\/\/ean-barcode.com\/upc-code-vs-ean-code\/#breadcrumb","itemListElement":[{"@type":"ListItem","position":1,"name":"Home","item":"https:\/\/ean-barcode.com\/"},{"@type":"ListItem","position":2,"name":"UPC-Code vs. EAN-Code"}]},{"@type":"WebSite","@id":"https:\/\/ean-barcode.com\/#website","url":"https:\/\/ean-barcode.com\/","name":"ean-barcode schweiz","description":"Ihr Partner f\u00fcr EAN \/ GTIN \/ Barcodes \u2013 Schweiz und international","publisher":{"@id":"https:\/\/ean-barcode.com\/#organization"},"potentialAction":[{"@type":"SearchAction","target":{"@type":"EntryPoint","urlTemplate":"https:\/\/ean-barcode.com\/?s={search_term_string}"},"query-input":{"@type":"PropertyValueSpecification","valueRequired":true,"valueName":"search_term_string"}}],"inLanguage":"de-CH"},{"@type":"Organization","@id":"https:\/\/ean-barcode.com\/#organization","name":"ean-barcode schweiz","url":"https:\/\/ean-barcode.com\/","logo":{"@type":"ImageObject","inLanguage":"de-CH","@id":"https:\/\/ean-barcode.com\/#\/schema\/logo\/image\/","url":"https:\/\/mlvyoc75bn9l.i.optimole.com\/w:auto\/h:auto\/q:mauto\/ig:avif\/https:\/\/ean-barcode.com\/wp-content\/uploads\/2022\/04\/ean-barcode-schweiz-logo_fb.jpg","contentUrl":"https:\/\/mlvyoc75bn9l.i.optimole.com\/w:auto\/h:auto\/q:mauto\/ig:avif\/https:\/\/ean-barcode.com\/wp-content\/uploads\/2022\/04\/ean-barcode-schweiz-logo_fb.jpg","width":1200,"height":630,"caption":"ean-barcode schweiz"},"image":{"@id":"https:\/\/ean-barcode.com\/#\/schema\/logo\/image\/"},"sameAs":["https:\/\/www.facebook.com\/eanbarcode","https:\/\/x.com\/ean_barcode"]}]}},"_links":{"self":[{"href":"https:\/\/ean-barcode.com\/wp-json\/wp\/v2\/pages\/431","targetHints":{"allow":["GET"]}}],"collection":[{"href":"https:\/\/ean-barcode.com\/wp-json\/wp\/v2\/pages"}],"about":[{"href":"https:\/\/ean-barcode.com\/wp-json\/wp\/v2\/types\/page"}],"author":[{"embeddable":true,"href":"https:\/\/ean-barcode.com\/wp-json\/wp\/v2\/users\/1"}],"replies":[{"embeddable":true,"href":"https:\/\/ean-barcode.com\/wp-json\/wp\/v2\/comments?post=431"}],"version-history":[{"count":0,"href":"https:\/\/ean-barcode.com\/wp-json\/wp\/v2\/pages\/431\/revisions"}],"wp:attachment":[{"href":"https:\/\/ean-barcode.com\/wp-json\/wp\/v2\/media?parent=431"}],"curies":[{"name":"wp","href":"https:\/\/api.w.org\/{rel}","templated":true}]}}