{"id":28,"date":"2022-04-01T10:28:20","date_gmt":"2022-04-01T08:28:20","guid":{"rendered":"https:\/\/ean-barcode.com\/?page_id=28"},"modified":"2022-06-02T15:05:47","modified_gmt":"2022-06-02T13:05:47","slug":"faq-ean-gtin-barcode","status":"publish","type":"page","link":"https:\/\/ean-barcode.com\/de-CH\/faq-ean-gtin-barcode\/","title":{"rendered":"FAQ \u2014 H\u00e4ufig gestellte Fragen zum Thema EAN, GTIN und Barcodes"},"content":{"rendered":"<div class=\"wp-block-image\">\n<figure class=\"alignleft size-large\"><img data-opt-id=1402884703  fetchpriority=\"high\" decoding=\"async\" width=\"1024\" height=\"171\" data-src=\"https:\/\/mlvyoc75bn9l.i.optimole.com\/w:1024\/h:171\/q:mauto\/ig:avif\/https:\/\/ean-barcode.com\/wp-content\/uploads\/2022\/04\/faq.jpg\" alt=\"\" class=\"wp-image-286 lazyload\" data-srcset=\"https:\/\/mlvyoc75bn9l.i.optimole.com\/w:1024\/h:171\/q:mauto\/ig:avif\/https:\/\/ean-barcode.com\/wp-content\/uploads\/2022\/04\/faq.jpg 1024w, https:\/\/mlvyoc75bn9l.i.optimole.com\/w:300\/h:50\/q:mauto\/ig:avif\/https:\/\/ean-barcode.com\/wp-content\/uploads\/2022\/04\/faq.jpg 300w, https:\/\/mlvyoc75bn9l.i.optimole.com\/w:768\/h:128\/q:mauto\/ig:avif\/https:\/\/ean-barcode.com\/wp-content\/uploads\/2022\/04\/faq.jpg 768w, https:\/\/mlvyoc75bn9l.i.optimole.com\/w:1536\/h:256\/q:mauto\/ig:avif\/https:\/\/ean-barcode.com\/wp-content\/uploads\/2022\/04\/faq.jpg 1536w, https:\/\/mlvyoc75bn9l.i.optimole.com\/w:416\/h:69\/q:mauto\/ig:avif\/https:\/\/ean-barcode.com\/wp-content\/uploads\/2022\/04\/faq.jpg 416w, https:\/\/mlvyoc75bn9l.i.optimole.com\/w:1800\/h:300\/q:mauto\/ig:avif\/https:\/\/ean-barcode.com\/wp-content\/uploads\/2022\/04\/faq.jpg 1800w\" data-sizes=\"(max-width: 980px) 100vw, 980px\" src=\"data:image\/svg+xml;base64,PHN2ZyB3aWR0aD0iMSIgaGVpZ2h0PSIxIiB4bWxucz0iaHR0cDovL3d3dy53My5vcmcvMjAwMC9zdmciPjwvc3ZnPg==\" style=\"--smush-placeholder-width: 1024px; --smush-placeholder-aspect-ratio: 1024\/171;\" \/><\/figure>\n<\/div>\n\n\n<div style=\"height:14px\" aria-hidden=\"true\" class=\"wp-block-spacer\"><\/div>\n\n\n\n<h3 class=\"wp-block-heading\"><strong>1. Wo kann ich eine EAN-Nummer beziehen?<\/strong><\/h3>\n\n\n\n<p>Hier finden Sie eine Liste mit verschiedenen&nbsp;<a href=\"https:\/\/ean-barcode.com\/nummern-vergabestellen-ean-gtin-isbn-issn\/\">Vergabestellen<\/a>.<br>Einzel-EANs oder kleinere Mengen erhalten Sie auch bei uns (zum&nbsp;<a href=\"https:\/\/ean-barcode.com\/\">Bestellformular<\/a>).&nbsp;<\/p>\n\n\n\n<h3 class=\"wp-block-heading\"><strong>2. Ich brauche nur einmal eine EAN-Nummer. Was ist die g\u00fcnstigste M\u00f6glichkeit?<\/strong><\/h3>\n\n\n\n<p>Wir haben eine M\u00f6glichkeit f\u00fcr all jene bereit, die nur eine einzige Nummer (mit Barcode) brauchen, z.B. f\u00fcr Musiker, die eine CD herausgeben, oder f\u00fcr Verk\u00e4ufe von eigenen Artikeln im Fachhandel oder bei Amazon. Das Bestellformular dazu finden Sie&nbsp;<a href=\"https:\/\/ean-barcode.com\/\">hier<\/a>.<\/p>\n\n\n\n<h3 class=\"wp-block-heading\"><strong>3. Wird mein Barcode sicher funktionieren?<\/strong><\/h3>\n\n\n\n<p>Unsere Barcodes entsprechen allen g\u00e4ngigen Normen (CEN\/ANSI DIN EN 1635, DIN EN 797 usw.). Ihr Barcode wird also funktionieren \u2013 vorausgesetzt, Sie wenden ihn richtig an auf Ihrem Produkt. Zur Anwendung haben wir hier ein&nbsp;<a href=\"https:\/\/ean-barcode.com\/tipps-zur-anwendung-von-barcodes\/\">Merkblatt<\/a>&nbsp;zusammengestellt. Sie k\u00f6nnen auch schon <a href=\"https:\/\/ean-barcode.com\/muster-barcodes\/\">Muster-Barcodes<\/a> testen. <\/p>\n\n\n\n<h3 class=\"wp-block-heading\"><strong>4. Was kostet das?<\/strong><\/h3>\n\n\n\n<p>Einzelpreis&nbsp;f\u00fcr Barcode (nur Barcode = mit Nummer aus Ihrem Kontingent): CHF 25.00 (Rabatt schon ab 5 St\u00fcck)<br>Preis&nbsp;f\u00fcr Einzel-EAN-Nummer mit Barocde: CHF 98.00 (Rabatt ab 5 St\u00fcck)<br>Es kommen Staffelrabatte zur Anwendung, siehe dazu die entsprechende <a href=\"https:\/\/ean-barcode.com\/\">Produkteseite<\/a>.<br>\u20ac- und $-Preise zum Tageskurs, stellen Sie dazu die W\u00e4hrung oben rechts um.<br>Preise f\u00fcr Gro\u00dfkontingente f\u00fcr EAN (Nummernbl\u00f6cke zu 100, 1000 oder 10\u2019000), ISBN oder ISSN erhalten Sie bei den entsprechenden <a href=\"https:\/\/ean-barcode.com\/nummern-vergabestellen-ean-gtin-isbn-issn\/\">Nummernvergabestellen<\/a>. (F\u00fcr Buchnummern zahlen Sie normalerweise einmalig, w\u00e4hrend ISSN meistens gratis sind.)<\/p>\n\n\n\n<h3 class=\"wp-block-heading\"><strong>5. Kann ich die Nummer f\u00fcr den Barcode selbst bestimmen?<\/strong><\/h3>\n\n\n\n<p><strong>Nein. <\/strong>Es w\u00e4re fatal, wenn Sie einfach eine Fantasienumer f\u00fcr Ihr Produkt w\u00e4hlen w\u00fcrden, v.a. wenn Sie zuf\u00e4llig die Nummer eines anderen Produktes nehmen w\u00fcrden. Weltweit wird jede Nummer (und somit jeder daraus gemachte Barcode) nur einmal vergeben. Daf\u00fcr sorgen die Vergabestellen bzw. die entsprechenden Gesch\u00e4fte wie <a href=\"https:\/\/ean-barcode.com\">ean-barcode schweiz.<\/a><\/p>\n\n\n\n<p>Einzige Ausnahme sind Produkte, die Sie ausschlie\u00dflich in Ihrem eigenen Shop f\u00fchren, z.B. Gutscheine, Kundenkarten oder individuelle Frischprodukte (Obst- und Gem\u00fcsewaage). Daf\u00fcr darf der Nummernbereich beginnend mit 20 bis 29 verwendet werden.<\/p>\n\n\n\n<p>Es sei hierbei auch gewarnt vor Billiganbietern im Internet, welche Ihnen EAN\/GTIN anbieten, welche von GS1 noch gar nicht herausgegeen wurden. Es wird bei Nummern von solchen Anbietern fr\u00fcher oder sp\u00e4ter zu Verwechslungen kommen, und Sie k\u00f6nnen vom rechtm\u00e4\u00dfigen Besitzer der EAN\/GTIN haftbar gemacht werden.<\/p>\n\n\n\n<h3 class=\"wp-block-heading\"><strong>6. Was bedeuten all die Abk\u00fcrzungen?<\/strong><\/h3>\n\n\n\n<p><strong>EAN<\/strong>&nbsp;= Europ\u00e4ische Artikel-Nummer(ierung) \u2013 wir heute selten verwendet und vom Begriff &gt;GTIN abgel\u00f6st<br><strong>EAN-8<\/strong>&nbsp;= ein 8-stelliger EAN-Code<br><strong>EAN-13<\/strong>&nbsp;= ein 13-stelliger EAN-Code (Normalfall)<br><strong>GCP<\/strong>&nbsp;= Global Company Prefix, die ersten 7\u20139 Stellen der EAN-Nummer, die Land und Firma bezeichnet, danach folgen die Nummern, die die Firma den einzelnen Produkten zuordnet<br><strong>GLN<\/strong>&nbsp;= Global Location Number, die ersten Stellen der EAN-Nummer, die die Firma identifizieren<br><strong>GS1<\/strong>&nbsp;= Global Standards One ist eine Organisation, die weltweit f\u00fcr die Vergabe der EAN-Codes zust\u00e4ndig ist, organisiert nach L\u00e4ndern<br><strong>GTIN<\/strong>&nbsp;= Global Trade Item Number ist eine Identifikationsnummer, mit der Produkte und Packst\u00fccke weltweit eindeutig identifiziert werden k\u00f6nnen. Oberbegriff f\u00fcr EAN- und UPC-Codes. Ersetzt den Begriff EAN<br><strong>GTIN-13<\/strong>&nbsp;= dreizehnstelliger GTIN-Code (Normalfall)<br><strong>ISBN<\/strong>&nbsp;= Internationale Standard-Buch-Nummer (Buchnummer)<br><strong>ISSN<\/strong>&nbsp;= Internationale Standard-Serien-Nummer (Zeitschriftennummer)<br><strong>UCC<\/strong>&nbsp;= Uniform Code Council, fr\u00fcherer Name von GS1<br><strong>UPC<\/strong>&nbsp;= Universal Product Code, 12-stelliger Nummerncode, der in den USA verwendet wird. Kompatibel zur 13-stelligen EAN; wird heute GTIN-12 genannt<\/p>\n\n\n\n<h3 class=\"wp-block-heading\"><strong>7. Was ist die Pf\u00fcfziffer?<\/strong><\/h3>\n\n\n\n<p>Die letzte Stelle eines EAN- oder andern Codes ist meistens die Pr\u00fcfziffer. Anhand dieser Zahl ersieht man, ob die Nummern davor stimmen, bzw. der Laserscanner kann sicherstellen, dass alle Striche = Zahlen richtig erkannt wurden.<br><\/p>\n\n\n\n<h3 class=\"wp-block-heading\"><strong>8. Was sind die Vorteile von EAN- bzw. GTIN-Codes?<\/strong><\/h3>\n\n\n\n<p>\u2013 Schnellere Erfassung der Waren an der Kasse (weniger Wartezeit an der Kasse) bzw. im Warenlager<br>\u2013 Hohe Sicherheit (keine Tippfehler)<br>\u2013 Erleichterung des Warenverkehrs, automatisierbare Lagerhaltung<br>\u2013 Keine Preis-Etikettierung n\u00f6tig, Preis muss nur am Regal stehen, d.h. Preise k\u00f6nnen sehr flexibel angepasst werden<br>\u2013 Weltweite Standardisierung (\u00fcber 90% aller Waren)<br>\u2013 Frei zug\u00e4ngliches System f\u00fcr alle<br><\/p>\n\n\n\n<h3 class=\"wp-block-heading\"><strong>9. Was beinhaltet ein Strichcode?<\/strong><\/h3>\n\n\n\n<p>Grunds\u00e4tzlich ist der Strichcode\/Barcode einfach eine Umsetzung einer Zahl als laser-lesbare Grafik mit Strichen. Bei einer GTIN\/EAN-Nummer ist das im Normalfall eine 13-stellige Zahl.&nbsp;<\/p>\n\n\n\n<p>Diese Zahl beinhaltet nur wenige Informationen. Im Normalfall ein Landesk\u00fcrzel am Anfang (2 bis 3 Stellen) und eine Firmennummer. Diese Infos sind jedoch nicht in der Nummer selbst enthalten, sondern k\u00f6nnen \u00fcber diese ausfindig gemacht werden.<\/p>\n\n\n\n<p>Informationen wie Preis, Gewicht, Produktname usw. sind in diesen auf EAN-Nummern basierenden Zahlen nicht enthalten.&nbsp;<\/p>\n\n\n\n<p>Innerhalb einer Firma wie Einkaufsl\u00e4den k\u00f6nnen jedoch flexible Barcodes generiert werden, in denen auch der Preis enthalten ist (bekanntestes Beispiel: Gem\u00fcsewaage mit Etikettendrucker). Diese Nummern starten mit der Zahl 2.<\/p>\n\n\n\n<p>Eine weitere Ausnahme bildet der EAN-Pressecode (Zeitschriftennummer, nur Deutschland): Sie beinhaltet auch den Preis in Euro sowie den Code f\u00fcr den Mehrwertsteuersatz).&nbsp;<br><\/p>\n\n\n\n<h3 class=\"wp-block-heading\"><strong>10. Wie teste ich, ob ein Barcode funktionieren wird?<\/strong><\/h3>\n\n\n\n<p>Gehen Sie, bevor Sie Ihre Verpackung drucken, mit einem Laserausdruck zu einem Gesch\u00e4ft, das \u00fcber eine Scannerkasse verf\u00fcgt, und bitten Sie, kurz dar\u00fcberzuscannen.<\/p>\n\n\n\n<p>Sobald es piepst, ist der Code erkannt. Nat\u00fcrlich wird aber eine Fehlermeldung \u00e0 la \u00abProdukt nicht erkannt\/nicht im System\u00bb o.\u00e4. ausgegeben, da sich das Produkt nat\u00fcrlich nicht in der Datenbank des Kassensystems befindet. Diese Fehlermeldung betrifft jedoch nicht die Funktionalit\u00e4t des Codes, denn dieser wurde richtig erkannt.<\/p>\n\n\n\n<p>Innerhalb einer Firma wie Einkaufsl\u00e4den k\u00f6nnen jedoch flexible Barcodes generiert werden, wo Preis und Produktnummer enthalten sind (Bekanntestes Beispiel: Gem\u00fcsewaage mit Etikettendrucker).<\/p>\n\n\n\n<p>Sie k\u00f6nnen auch eine App verwendent. Es gibt zahlreiche Anwendungen f\u00fcr Smartphones, die Barcodes lesen k\u00f6nnen (Beispiel:&nbsp;<a href=\"http:\/\/www.codecheck.info\" target=\"_blank\" rel=\"noreferrer noopener\">Codecheck<\/a>). <\/p>\n\n\n\n<p>Wollen Sie durch uns erstellte Barcodes ausprobieren? Hier gehts zu den <a href=\"https:\/\/ean-barcode.com\/muster-barcodes\/\">Mustern<\/a>.<\/p>\n\n\n\n<h3 class=\"wp-block-heading\"><strong>11. Ich habe einen Artikel in Gr\u00f6\u00dfe S und L, jeweils in Rot und in Blau. Der Artikelpreis ist derselbe. Wieviele Barcodes bzw. Nummern brauche ich?<\/strong><\/h3>\n\n\n\n<p>Vier, d.h. f\u00fcr jede Variante einen:<\/p>\n\n\n\n<div class=\"wp-block-columns is-layout-flex wp-container-core-columns-is-layout-28f84493 wp-block-columns-is-layout-flex\">\n<div class=\"wp-block-column is-layout-flow wp-block-column-is-layout-flow\" style=\"flex-basis:100%\">\n<div class=\"wp-block-group\"><div class=\"wp-block-group__inner-container is-layout-flow wp-block-group-is-layout-flow\">\n<figure class=\"wp-block-table is-style-regular\" style=\"font-size:18px\"><table class=\"has-background\" style=\"background-color:#f2faff\"><tbody><tr><td><\/td><td class=\"has-text-align-left\" data-align=\"left\">Rot<\/td><td>Blau<\/td><\/tr><tr><td>S<\/td><td class=\"has-text-align-left\" data-align=\"left\"><strong>Gr\u00f6\u00dfe S<\/strong>,<strong> Rot<\/strong><\/td><td><strong>Gr\u00f6\u00dfe S<\/strong>,<strong> Blau<\/strong><\/td><\/tr><tr><td>L<\/td><td class=\"has-text-align-left\" data-align=\"left\"><strong>Gr\u00f6\u00dfe L, Rot<\/strong><\/td><td><strong>Gr\u00f6\u00dfe L, Blau<\/strong><\/td><\/tr><\/tbody><\/table><\/figure>\n<\/div><\/div>\n<\/div>\n<\/div>\n\n\n\n<p>Auch wenn der Preis derselbe ist; die Artikel m\u00fcssen unterschieden werden k\u00f6nnen, so dass das Gesch\u00e4ft die richtigen nachbestellen kann, denn der Laden verwaltet auch das Warenlager \u00fcber das Kassensystem. Daher braucht jede Variante immer ihren eigenen Code.<\/p>\n\n\n\n<h3 class=\"wp-block-heading\"><strong>11. Gibt es ein zentrales (weltweites) Artikelverzeichnis?<\/strong><\/h3>\n\n\n\n<p>Nein.&nbsp;<\/p>\n\n\n\n<p>Jeder Hersteller muss seine Nummerncodes selbst verwalten. Ebenfalls pflegt jedes Gesch\u00e4ft die EAN\/GTIN selbst in ihr System ein. Nebst der EAN werden u.a. auch Preis, Text f\u00fcr Kassenbon\/Quittung sowie Anzahl Artikel an Lager und weitere Daten (z.B. Bilder) hinterlegt.<\/p>\n\n\n\n<p>S\u00e4mtliche Produkte-Datenbanken wie zum Beispiel&nbsp;<a rel=\"noreferrer noopener\" href=\"http:\/\/www.codecheck.info\" target=\"_blank\">Codecheck<\/a>&nbsp;und andere Apps werden ausschlie\u00dflich von Usern gespiesen.<\/p>\n\n\n\n<h3 class=\"wp-block-heading\"><strong>12. Was sind Non-Books (Nicht-B\u00fccher)?<\/strong><\/h3>\n\n\n\n<p>Es gibt unterschiedliche Produkte, die buch\u00e4hnlich sind, aber nicht zu den B\u00fcchern z\u00e4hlen und somit keine ISBN (Buchnummer) tragen d\u00fcrfen. F\u00fcr diese Werke werden normale EAN gebraucht.&nbsp;<a href=\"https:\/\/ean-barcode.com\/non-books-buecheraehnliche-produkte\/\">Hier ist eine Liste der Non-Books.<\/a><\/p>\n\n\n\n<h3 class=\"wp-block-heading\"><strong>13. Wo kann ich Etiketten \/ Verpackungen machen lassen?<\/strong><\/h3>\n\n\n\n<p>Auch daf\u00fcr sind Sie bei uns an der richtigen Adresse. Wir gestalten Verpackungen und Labels, auf welchen Ihr Barcode technisch richig eingebaut ist.&nbsp;Siehe <a href=\"https:\/\/ean-barcode.com\/barcode-label\/\">Barcode-Labels<\/a>.<\/p>\n\n\n\n<p><br> <\/p>\n\n\n\n<p>F\u00fcr weitere Fragen d\u00fcrfen Sie uns gerne <a href=\"https:\/\/ean-barcode.com\/kontakt\/\">kontaktieren<\/a>. <br>Oder ist schon alles klar? Dann gehts hier zur <a href=\"https:\/\/ean-barcode.com\/\">Bestellung<\/a>.<\/p>\n","protected":false},"excerpt":{"rendered":"<p>1. Wo kann ich eine EAN-Nummer beziehen? Hier finden Sie eine Liste mit verschiedenen&nbsp;Vergabestellen.Einzel-EANs oder kleinere Mengen erhalten Sie auch bei uns (zum&nbsp;Bestellformular).&nbsp; 2. Ich brauche nur einmal eine EAN-Nummer. Was ist die g\u00fcnstigste M\u00f6glichkeit? Wir haben eine M\u00f6glichkeit f\u00fcr all jene bereit, die nur eine einzige Nummer (mit Barcode) brauchen, z.B. f\u00fcr Musiker, die [&hellip;]<\/p>\n","protected":false},"author":1,"featured_media":0,"parent":0,"menu_order":0,"comment_status":"closed","ping_status":"closed","template":"","meta":{"_locale":"de_CH","_original_post":"https:\/\/ean-barcode.com\/?page_id=28","footnotes":""},"class_list":["post-28","page","type-page","status-publish","hentry","de-CH"],"yoast_head":"<!-- This site is optimized with the Yoast SEO plugin v27.4 - https:\/\/yoast.com\/product\/yoast-seo-wordpress\/ -->\n<title>FAQ \u2014 H\u00e4ufig gestellte Fragen zum Thema EAN, GTIN und Barcodes - ean-barcode schweiz<\/title>\n<meta name=\"description\" content=\"Alles Wissenswerte \u00fcber EAN, GTIN und Barcodes. Know-how zum Handling mit Produktnummern und Strichcodes. Barcode-Bestellm\u00f6glichkeit.\" \/>\n<meta name=\"robots\" content=\"index, follow, max-snippet:-1, max-image-preview:large, max-video-preview:-1\" \/>\n<link rel=\"canonical\" href=\"https:\/\/ean-barcode.com\/faq-ean-gtin-barcode\/\" \/>\n<meta property=\"og:locale\" content=\"de_DE\" \/>\n<meta property=\"og:type\" content=\"article\" \/>\n<meta property=\"og:title\" content=\"FAQ \u2014 H\u00e4ufig gestellte Fragen zum Thema EAN, GTIN und Barcodes - ean-barcode schweiz\" \/>\n<meta property=\"og:description\" content=\"Alles Wissenswerte \u00fcber EAN, GTIN und Barcodes. Know-how zum Handling mit Produktnummern und Strichcodes. Barcode-Bestellm\u00f6glichkeit.\" \/>\n<meta property=\"og:url\" content=\"https:\/\/ean-barcode.com\/faq-ean-gtin-barcode\/\" \/>\n<meta property=\"og:site_name\" content=\"ean-barcode schweiz\" \/>\n<meta property=\"article:publisher\" content=\"https:\/\/www.facebook.com\/eanbarcode\" \/>\n<meta property=\"article:modified_time\" content=\"2022-06-02T13:05:47+00:00\" \/>\n<meta property=\"og:image\" content=\"https:\/\/mlvyoc75bn9l.i.optimole.com\/w:1024\/h:171\/q:mauto\/ig:avif\/https:\/\/ean-barcode.com\/wp-content\/uploads\/2022\/04\/faq.jpg\" \/>\n<meta name=\"twitter:card\" content=\"summary_large_image\" \/>\n<meta name=\"twitter:site\" content=\"@ean_barcode\" \/>\n<meta name=\"twitter:label1\" content=\"Gesch\u00e4tzte Lesezeit\" \/>\n\t<meta name=\"twitter:data1\" content=\"7\u00a0Minuten\" \/>\n<script type=\"application\/ld+json\" class=\"yoast-schema-graph\">{\"@context\":\"https:\\\/\\\/schema.org\",\"@graph\":[{\"@type\":\"WebPage\",\"@id\":\"https:\\\/\\\/ean-barcode.com\\\/faq-ean-gtin-barcode\\\/\",\"url\":\"https:\\\/\\\/ean-barcode.com\\\/faq-ean-gtin-barcode\\\/\",\"name\":\"FAQ \u2014 H\u00e4ufig gestellte Fragen zum Thema EAN, GTIN und Barcodes - ean-barcode schweiz\",\"isPartOf\":{\"@id\":\"https:\\\/\\\/ean-barcode.com\\\/#website\"},\"primaryImageOfPage\":{\"@id\":\"https:\\\/\\\/ean-barcode.com\\\/faq-ean-gtin-barcode\\\/#primaryimage\"},\"image\":{\"@id\":\"https:\\\/\\\/ean-barcode.com\\\/faq-ean-gtin-barcode\\\/#primaryimage\"},\"thumbnailUrl\":\"https:\\/\\/ean-barcode.com\\/wp-content\\/uploads\\/2022\\/04\\/faq-1024x171.jpg\",\"datePublished\":\"2022-04-01T08:28:20+00:00\",\"dateModified\":\"2022-06-02T13:05:47+00:00\",\"description\":\"Alles Wissenswerte \u00fcber EAN, GTIN und Barcodes. Know-how zum Handling mit Produktnummern und Strichcodes. Barcode-Bestellm\u00f6glichkeit.\",\"breadcrumb\":{\"@id\":\"https:\\\/\\\/ean-barcode.com\\\/faq-ean-gtin-barcode\\\/#breadcrumb\"},\"inLanguage\":\"de-CH\",\"potentialAction\":[{\"@type\":\"ReadAction\",\"target\":[\"https:\\\/\\\/ean-barcode.com\\\/faq-ean-gtin-barcode\\\/\"]}]},{\"@type\":\"ImageObject\",\"inLanguage\":\"de-CH\",\"@id\":\"https:\\\/\\\/ean-barcode.com\\\/faq-ean-gtin-barcode\\\/#primaryimage\",\"url\":\"https:\\/\\/ean-barcode.com\\/wp-content\\/uploads\\/2022\\/04\\/faq.jpg\",\"contentUrl\":\"https:\\/\\/ean-barcode.com\\/wp-content\\/uploads\\/2022\\/04\\/faq.jpg\",\"width\":1800,\"height\":300,\"caption\":\"FAQ \u2013 Fragen und Antworten zu EAN und Barcodes\"},{\"@type\":\"BreadcrumbList\",\"@id\":\"https:\\\/\\\/ean-barcode.com\\\/faq-ean-gtin-barcode\\\/#breadcrumb\",\"itemListElement\":[{\"@type\":\"ListItem\",\"position\":1,\"name\":\"Home\",\"item\":\"https:\\\/\\\/ean-barcode.com\\\/\"},{\"@type\":\"ListItem\",\"position\":2,\"name\":\"FAQ \u2014 H\u00e4ufig gestellte Fragen zum Thema EAN, GTIN und Barcodes\"}]},{\"@type\":\"WebSite\",\"@id\":\"https:\\\/\\\/ean-barcode.com\\\/#website\",\"url\":\"https:\\\/\\\/ean-barcode.com\\\/\",\"name\":\"ean-barcode schweiz\",\"description\":\"Ihr Partner f\u00fcr EAN \\\/ GTIN \\\/ Barcodes \u2013 Schweiz und international\",\"publisher\":{\"@id\":\"https:\\\/\\\/ean-barcode.com\\\/#organization\"},\"potentialAction\":[{\"@type\":\"SearchAction\",\"target\":{\"@type\":\"EntryPoint\",\"urlTemplate\":\"https:\\\/\\\/ean-barcode.com\\\/?s={search_term_string}\"},\"query-input\":{\"@type\":\"PropertyValueSpecification\",\"valueRequired\":true,\"valueName\":\"search_term_string\"}}],\"inLanguage\":\"de-CH\"},{\"@type\":\"Organization\",\"@id\":\"https:\\\/\\\/ean-barcode.com\\\/#organization\",\"name\":\"ean-barcode schweiz\",\"url\":\"https:\\\/\\\/ean-barcode.com\\\/\",\"logo\":{\"@type\":\"ImageObject\",\"inLanguage\":\"de-CH\",\"@id\":\"https:\\\/\\\/ean-barcode.com\\\/#\\\/schema\\\/logo\\\/image\\\/\",\"url\":\"https:\\/\\/ean-barcode.com\\/wp-content\\/uploads\\/2022\\/04\\/ean-barcode-schweiz-logo_fb.jpg\",\"contentUrl\":\"https:\\/\\/ean-barcode.com\\/wp-content\\/uploads\\/2022\\/04\\/ean-barcode-schweiz-logo_fb.jpg\",\"width\":1200,\"height\":630,\"caption\":\"ean-barcode schweiz\"},\"image\":{\"@id\":\"https:\\\/\\\/ean-barcode.com\\\/#\\\/schema\\\/logo\\\/image\\\/\"},\"sameAs\":[\"https:\\\/\\\/www.facebook.com\\\/eanbarcode\",\"https:\\\/\\\/x.com\\\/ean_barcode\"]}]}<\/script>\n<!-- \/ Yoast SEO plugin. -->","yoast_head_json":{"title":"FAQ \u2014 H\u00e4ufig gestellte Fragen zum Thema EAN, GTIN und Barcodes - ean-barcode schweiz","description":"Alles Wissenswerte \u00fcber EAN, GTIN und Barcodes. Know-how zum Handling mit Produktnummern und Strichcodes. Barcode-Bestellm\u00f6glichkeit.","robots":{"index":"index","follow":"follow","max-snippet":"max-snippet:-1","max-image-preview":"max-image-preview:large","max-video-preview":"max-video-preview:-1"},"canonical":"https:\/\/ean-barcode.com\/faq-ean-gtin-barcode\/","og_locale":"de_DE","og_type":"article","og_title":"FAQ \u2014 H\u00e4ufig gestellte Fragen zum Thema EAN, GTIN und Barcodes - ean-barcode schweiz","og_description":"Alles Wissenswerte \u00fcber EAN, GTIN und Barcodes. Know-how zum Handling mit Produktnummern und Strichcodes. Barcode-Bestellm\u00f6glichkeit.","og_url":"https:\/\/ean-barcode.com\/faq-ean-gtin-barcode\/","og_site_name":"ean-barcode schweiz","article_publisher":"https:\/\/www.facebook.com\/eanbarcode","article_modified_time":"2022-06-02T13:05:47+00:00","og_image":[{"url":"https:\/\/mlvyoc75bn9l.i.optimole.com\/w:1024\/h:171\/q:mauto\/ig:avif\/https:\/\/ean-barcode.com\/wp-content\/uploads\/2022\/04\/faq.jpg","type":"","width":"","height":""}],"twitter_card":"summary_large_image","twitter_site":"@ean_barcode","twitter_misc":{"Gesch\u00e4tzte Lesezeit":"7\u00a0Minuten"},"schema":{"@context":"https:\/\/schema.org","@graph":[{"@type":"WebPage","@id":"https:\/\/ean-barcode.com\/faq-ean-gtin-barcode\/","url":"https:\/\/ean-barcode.com\/faq-ean-gtin-barcode\/","name":"FAQ \u2014 H\u00e4ufig gestellte Fragen zum Thema EAN, GTIN und Barcodes - ean-barcode schweiz","isPartOf":{"@id":"https:\/\/ean-barcode.com\/#website"},"primaryImageOfPage":{"@id":"https:\/\/ean-barcode.com\/faq-ean-gtin-barcode\/#primaryimage"},"image":{"@id":"https:\/\/ean-barcode.com\/faq-ean-gtin-barcode\/#primaryimage"},"thumbnailUrl":"https:\/\/mlvyoc75bn9l.i.optimole.com\/w:1024\/h:171\/q:mauto\/ig:avif\/https:\/\/ean-barcode.com\/wp-content\/uploads\/2022\/04\/faq.jpg","datePublished":"2022-04-01T08:28:20+00:00","dateModified":"2022-06-02T13:05:47+00:00","description":"Alles Wissenswerte \u00fcber EAN, GTIN und Barcodes. Know-how zum Handling mit Produktnummern und Strichcodes. Barcode-Bestellm\u00f6glichkeit.","breadcrumb":{"@id":"https:\/\/ean-barcode.com\/faq-ean-gtin-barcode\/#breadcrumb"},"inLanguage":"de-CH","potentialAction":[{"@type":"ReadAction","target":["https:\/\/ean-barcode.com\/faq-ean-gtin-barcode\/"]}]},{"@type":"ImageObject","inLanguage":"de-CH","@id":"https:\/\/ean-barcode.com\/faq-ean-gtin-barcode\/#primaryimage","url":"https:\/\/mlvyoc75bn9l.i.optimole.com\/w:auto\/h:auto\/q:mauto\/ig:avif\/https:\/\/ean-barcode.com\/wp-content\/uploads\/2022\/04\/faq.jpg","contentUrl":"https:\/\/mlvyoc75bn9l.i.optimole.com\/w:auto\/h:auto\/q:mauto\/ig:avif\/https:\/\/ean-barcode.com\/wp-content\/uploads\/2022\/04\/faq.jpg","width":1800,"height":300,"caption":"FAQ \u2013 Fragen und Antworten zu EAN und Barcodes"},{"@type":"BreadcrumbList","@id":"https:\/\/ean-barcode.com\/faq-ean-gtin-barcode\/#breadcrumb","itemListElement":[{"@type":"ListItem","position":1,"name":"Home","item":"https:\/\/ean-barcode.com\/"},{"@type":"ListItem","position":2,"name":"FAQ \u2014 H\u00e4ufig gestellte Fragen zum Thema EAN, GTIN und Barcodes"}]},{"@type":"WebSite","@id":"https:\/\/ean-barcode.com\/#website","url":"https:\/\/ean-barcode.com\/","name":"ean-barcode schweiz","description":"Ihr Partner f\u00fcr EAN \/ GTIN \/ Barcodes \u2013 Schweiz und international","publisher":{"@id":"https:\/\/ean-barcode.com\/#organization"},"potentialAction":[{"@type":"SearchAction","target":{"@type":"EntryPoint","urlTemplate":"https:\/\/ean-barcode.com\/?s={search_term_string}"},"query-input":{"@type":"PropertyValueSpecification","valueRequired":true,"valueName":"search_term_string"}}],"inLanguage":"de-CH"},{"@type":"Organization","@id":"https:\/\/ean-barcode.com\/#organization","name":"ean-barcode schweiz","url":"https:\/\/ean-barcode.com\/","logo":{"@type":"ImageObject","inLanguage":"de-CH","@id":"https:\/\/ean-barcode.com\/#\/schema\/logo\/image\/","url":"https:\/\/mlvyoc75bn9l.i.optimole.com\/w:auto\/h:auto\/q:mauto\/ig:avif\/https:\/\/ean-barcode.com\/wp-content\/uploads\/2022\/04\/ean-barcode-schweiz-logo_fb.jpg","contentUrl":"https:\/\/mlvyoc75bn9l.i.optimole.com\/w:auto\/h:auto\/q:mauto\/ig:avif\/https:\/\/ean-barcode.com\/wp-content\/uploads\/2022\/04\/ean-barcode-schweiz-logo_fb.jpg","width":1200,"height":630,"caption":"ean-barcode schweiz"},"image":{"@id":"https:\/\/ean-barcode.com\/#\/schema\/logo\/image\/"},"sameAs":["https:\/\/www.facebook.com\/eanbarcode","https:\/\/x.com\/ean_barcode"]}]}},"_links":{"self":[{"href":"https:\/\/ean-barcode.com\/wp-json\/wp\/v2\/pages\/28","targetHints":{"allow":["GET"]}}],"collection":[{"href":"https:\/\/ean-barcode.com\/wp-json\/wp\/v2\/pages"}],"about":[{"href":"https:\/\/ean-barcode.com\/wp-json\/wp\/v2\/types\/page"}],"author":[{"embeddable":true,"href":"https:\/\/ean-barcode.com\/wp-json\/wp\/v2\/users\/1"}],"replies":[{"embeddable":true,"href":"https:\/\/ean-barcode.com\/wp-json\/wp\/v2\/comments?post=28"}],"version-history":[{"count":0,"href":"https:\/\/ean-barcode.com\/wp-json\/wp\/v2\/pages\/28\/revisions"}],"wp:attachment":[{"href":"https:\/\/ean-barcode.com\/wp-json\/wp\/v2\/media?parent=28"}],"curies":[{"name":"wp","href":"https:\/\/api.w.org\/{rel}","templated":true}]}}