{"id":230,"date":"2022-04-05T20:57:09","date_gmt":"2022-04-05T18:57:09","guid":{"rendered":"https:\/\/ean-barcode.com\/?page_id=230"},"modified":"2022-04-09T23:42:55","modified_gmt":"2022-04-09T21:42:55","slug":"muster-barcodes","status":"publish","type":"page","link":"https:\/\/ean-barcode.com\/de-CH\/muster-barcodes\/","title":{"rendered":"Muster-Barcodes"},"content":{"rendered":"\n<p>Hier k\u00f6nnen Sie Barcode-Muster herunterladen, damit Sie sehen, wie diese aussehen und zum Bestimmen, welches Datenformat f\u00fcr Ihren Zweck am besten geeignet ist.<\/p>\n\n\n\n<p>Die Strichcodes (EAN-13 = GTIN-13) sind jeweils in den folgenden Formaten erh\u00e4tlich und hier als Muster vorliegend:<br>Vektorisiert: EPS und PDF <br>Pixel: JPG, PNG und TIF<\/p>\n\n\n\n<div class=\"wp-block-buttons is-layout-flex wp-block-buttons-is-layout-flex\"><\/div>\n\n\n\n<p class=\"has-text-align-left\"><br><br>ZIP-Datei (1,6 MB) mit Mustern herunterladen:<\/p>\n\n\n\n<div class=\"wp-block-file\"><a id=\"wp-block-file--media-d40394c6-d86c-4581-9278-3a70196a94dc\" href=\"https:\/\/ean-barcode.com\/wp-content\/uploads\/2022\/04\/barcode-muster.zip\">Barcode-Muster<\/a><a href=\"https:\/\/ean-barcode.com\/wp-content\/uploads\/2022\/04\/barcode-muster.zip\" class=\"wp-block-file__button\" download aria-describedby=\"wp-block-file--media-d40394c6-d86c-4581-9278-3a70196a94dc\">Herunterladen<\/a><\/div>\n\n\n\n<div style=\"height:53px\" aria-hidden=\"true\" class=\"wp-block-spacer\"><\/div>\n\n\n\n<p>Hier k\u00f6nnen Sie <a href=\"https:\/\/ean-barcode.com\/\" target=\"_blank\" rel=\"noreferrer noopener\">Barcodes bestellen<\/a>.<\/p>\n","protected":false},"excerpt":{"rendered":"<p>Hier k\u00f6nnen Sie Barcode-Muster herunterladen, damit Sie sehen, wie diese aussehen und zum Bestimmen, welches Datenformat f\u00fcr Ihren Zweck am besten geeignet ist. Die Strichcodes (EAN-13 = GTIN-13) sind jeweils in den folgenden Formaten erh\u00e4tlich und hier als Muster vorliegend:Vektorisiert: EPS und PDF Pixel: JPG, PNG und TIF ZIP-Datei (1,6 MB) mit Mustern herunterladen: Hier [&hellip;]<\/p>\n","protected":false},"author":1,"featured_media":0,"parent":0,"menu_order":0,"comment_status":"closed","ping_status":"closed","template":"","meta":{"_locale":"de_CH","_original_post":"https:\/\/ean-barcode.com\/?page_id=230","footnotes":""},"class_list":["post-230","page","type-page","status-publish","hentry","de-CH"],"yoast_head":"<!-- This site is optimized with the Yoast SEO plugin v27.4 - https:\/\/yoast.com\/product\/yoast-seo-wordpress\/ -->\n<title>Muster-Barcodes - ean-barcode schweiz<\/title>\n<meta name=\"description\" content=\"Hier k\u00f6nnen Sie Barcode-Muster herunterladen. Verschiedene Gr\u00f6\u00dfen und Datenformate (PDF, EPS, JPG, ...) zur Evaluation vor der Bestellung.\" \/>\n<meta name=\"robots\" content=\"index, follow, max-snippet:-1, max-image-preview:large, max-video-preview:-1\" \/>\n<link rel=\"canonical\" href=\"https:\/\/ean-barcode.com\/muster-barcodes\/\" \/>\n<meta property=\"og:locale\" content=\"de_DE\" \/>\n<meta property=\"og:type\" content=\"article\" \/>\n<meta property=\"og:title\" content=\"Muster-Barcodes - ean-barcode schweiz\" \/>\n<meta property=\"og:description\" content=\"Hier k\u00f6nnen Sie Barcode-Muster herunterladen. Verschiedene Gr\u00f6\u00dfen und Datenformate (PDF, EPS, JPG, ...) zur Evaluation vor der Bestellung.\" \/>\n<meta property=\"og:url\" content=\"https:\/\/ean-barcode.com\/muster-barcodes\/\" \/>\n<meta property=\"og:site_name\" content=\"ean-barcode schweiz\" \/>\n<meta property=\"article:publisher\" content=\"https:\/\/www.facebook.com\/eanbarcode\" \/>\n<meta property=\"article:modified_time\" content=\"2022-04-09T21:42:55+00:00\" \/>\n<meta name=\"twitter:card\" content=\"summary_large_image\" \/>\n<meta name=\"twitter:site\" content=\"@ean_barcode\" \/>\n<meta name=\"twitter:label1\" content=\"Gesch\u00e4tzte Lesezeit\" \/>\n\t<meta name=\"twitter:data1\" content=\"1\u00a0Minute\" \/>\n<script type=\"application\/ld+json\" class=\"yoast-schema-graph\">{\"@context\":\"https:\\\/\\\/schema.org\",\"@graph\":[{\"@type\":\"WebPage\",\"@id\":\"https:\\\/\\\/ean-barcode.com\\\/muster-barcodes\\\/\",\"url\":\"https:\\\/\\\/ean-barcode.com\\\/muster-barcodes\\\/\",\"name\":\"Muster-Barcodes - ean-barcode schweiz\",\"isPartOf\":{\"@id\":\"https:\\\/\\\/ean-barcode.com\\\/#website\"},\"datePublished\":\"2022-04-05T18:57:09+00:00\",\"dateModified\":\"2022-04-09T21:42:55+00:00\",\"description\":\"Hier k\u00f6nnen Sie Barcode-Muster herunterladen. Verschiedene Gr\u00f6\u00dfen und Datenformate (PDF, EPS, JPG, ...) zur Evaluation vor der Bestellung.\",\"breadcrumb\":{\"@id\":\"https:\\\/\\\/ean-barcode.com\\\/muster-barcodes\\\/#breadcrumb\"},\"inLanguage\":\"de-CH\",\"potentialAction\":[{\"@type\":\"ReadAction\",\"target\":[\"https:\\\/\\\/ean-barcode.com\\\/muster-barcodes\\\/\"]}]},{\"@type\":\"BreadcrumbList\",\"@id\":\"https:\\\/\\\/ean-barcode.com\\\/muster-barcodes\\\/#breadcrumb\",\"itemListElement\":[{\"@type\":\"ListItem\",\"position\":1,\"name\":\"Home\",\"item\":\"https:\\\/\\\/ean-barcode.com\\\/\"},{\"@type\":\"ListItem\",\"position\":2,\"name\":\"Muster-Barcodes\"}]},{\"@type\":\"WebSite\",\"@id\":\"https:\\\/\\\/ean-barcode.com\\\/#website\",\"url\":\"https:\\\/\\\/ean-barcode.com\\\/\",\"name\":\"ean-barcode schweiz\",\"description\":\"Ihr Partner f\u00fcr EAN \\\/ GTIN \\\/ Barcodes \u2013 Schweiz und international\",\"publisher\":{\"@id\":\"https:\\\/\\\/ean-barcode.com\\\/#organization\"},\"potentialAction\":[{\"@type\":\"SearchAction\",\"target\":{\"@type\":\"EntryPoint\",\"urlTemplate\":\"https:\\\/\\\/ean-barcode.com\\\/?s={search_term_string}\"},\"query-input\":{\"@type\":\"PropertyValueSpecification\",\"valueRequired\":true,\"valueName\":\"search_term_string\"}}],\"inLanguage\":\"de-CH\"},{\"@type\":\"Organization\",\"@id\":\"https:\\\/\\\/ean-barcode.com\\\/#organization\",\"name\":\"ean-barcode schweiz\",\"url\":\"https:\\\/\\\/ean-barcode.com\\\/\",\"logo\":{\"@type\":\"ImageObject\",\"inLanguage\":\"de-CH\",\"@id\":\"https:\\\/\\\/ean-barcode.com\\\/#\\\/schema\\\/logo\\\/image\\\/\",\"url\":\"https:\\/\\/ean-barcode.com\\/wp-content\\/uploads\\/2022\\/04\\/ean-barcode-schweiz-logo_fb.jpg\",\"contentUrl\":\"https:\\/\\/ean-barcode.com\\/wp-content\\/uploads\\/2022\\/04\\/ean-barcode-schweiz-logo_fb.jpg\",\"width\":1200,\"height\":630,\"caption\":\"ean-barcode schweiz\"},\"image\":{\"@id\":\"https:\\\/\\\/ean-barcode.com\\\/#\\\/schema\\\/logo\\\/image\\\/\"},\"sameAs\":[\"https:\\\/\\\/www.facebook.com\\\/eanbarcode\",\"https:\\\/\\\/x.com\\\/ean_barcode\"]}]}<\/script>\n<!-- \/ Yoast SEO plugin. -->","yoast_head_json":{"title":"Muster-Barcodes - ean-barcode schweiz","description":"Hier k\u00f6nnen Sie Barcode-Muster herunterladen. Verschiedene Gr\u00f6\u00dfen und Datenformate (PDF, EPS, JPG, ...) zur Evaluation vor der Bestellung.","robots":{"index":"index","follow":"follow","max-snippet":"max-snippet:-1","max-image-preview":"max-image-preview:large","max-video-preview":"max-video-preview:-1"},"canonical":"https:\/\/ean-barcode.com\/muster-barcodes\/","og_locale":"de_DE","og_type":"article","og_title":"Muster-Barcodes - ean-barcode schweiz","og_description":"Hier k\u00f6nnen Sie Barcode-Muster herunterladen. Verschiedene Gr\u00f6\u00dfen und Datenformate (PDF, EPS, JPG, ...) zur Evaluation vor der Bestellung.","og_url":"https:\/\/ean-barcode.com\/muster-barcodes\/","og_site_name":"ean-barcode schweiz","article_publisher":"https:\/\/www.facebook.com\/eanbarcode","article_modified_time":"2022-04-09T21:42:55+00:00","twitter_card":"summary_large_image","twitter_site":"@ean_barcode","twitter_misc":{"Gesch\u00e4tzte Lesezeit":"1\u00a0Minute"},"schema":{"@context":"https:\/\/schema.org","@graph":[{"@type":"WebPage","@id":"https:\/\/ean-barcode.com\/muster-barcodes\/","url":"https:\/\/ean-barcode.com\/muster-barcodes\/","name":"Muster-Barcodes - ean-barcode schweiz","isPartOf":{"@id":"https:\/\/ean-barcode.com\/#website"},"datePublished":"2022-04-05T18:57:09+00:00","dateModified":"2022-04-09T21:42:55+00:00","description":"Hier k\u00f6nnen Sie Barcode-Muster herunterladen. Verschiedene Gr\u00f6\u00dfen und Datenformate (PDF, EPS, JPG, ...) zur Evaluation vor der Bestellung.","breadcrumb":{"@id":"https:\/\/ean-barcode.com\/muster-barcodes\/#breadcrumb"},"inLanguage":"de-CH","potentialAction":[{"@type":"ReadAction","target":["https:\/\/ean-barcode.com\/muster-barcodes\/"]}]},{"@type":"BreadcrumbList","@id":"https:\/\/ean-barcode.com\/muster-barcodes\/#breadcrumb","itemListElement":[{"@type":"ListItem","position":1,"name":"Home","item":"https:\/\/ean-barcode.com\/"},{"@type":"ListItem","position":2,"name":"Muster-Barcodes"}]},{"@type":"WebSite","@id":"https:\/\/ean-barcode.com\/#website","url":"https:\/\/ean-barcode.com\/","name":"ean-barcode schweiz","description":"Ihr Partner f\u00fcr EAN \/ GTIN \/ Barcodes \u2013 Schweiz und international","publisher":{"@id":"https:\/\/ean-barcode.com\/#organization"},"potentialAction":[{"@type":"SearchAction","target":{"@type":"EntryPoint","urlTemplate":"https:\/\/ean-barcode.com\/?s={search_term_string}"},"query-input":{"@type":"PropertyValueSpecification","valueRequired":true,"valueName":"search_term_string"}}],"inLanguage":"de-CH"},{"@type":"Organization","@id":"https:\/\/ean-barcode.com\/#organization","name":"ean-barcode schweiz","url":"https:\/\/ean-barcode.com\/","logo":{"@type":"ImageObject","inLanguage":"de-CH","@id":"https:\/\/ean-barcode.com\/#\/schema\/logo\/image\/","url":"https:\/\/mlvyoc75bn9l.i.optimole.com\/w:auto\/h:auto\/q:mauto\/ig:avif\/https:\/\/ean-barcode.com\/wp-content\/uploads\/2022\/04\/ean-barcode-schweiz-logo_fb.jpg","contentUrl":"https:\/\/mlvyoc75bn9l.i.optimole.com\/w:auto\/h:auto\/q:mauto\/ig:avif\/https:\/\/ean-barcode.com\/wp-content\/uploads\/2022\/04\/ean-barcode-schweiz-logo_fb.jpg","width":1200,"height":630,"caption":"ean-barcode schweiz"},"image":{"@id":"https:\/\/ean-barcode.com\/#\/schema\/logo\/image\/"},"sameAs":["https:\/\/www.facebook.com\/eanbarcode","https:\/\/x.com\/ean_barcode"]}]}},"_links":{"self":[{"href":"https:\/\/ean-barcode.com\/wp-json\/wp\/v2\/pages\/230","targetHints":{"allow":["GET"]}}],"collection":[{"href":"https:\/\/ean-barcode.com\/wp-json\/wp\/v2\/pages"}],"about":[{"href":"https:\/\/ean-barcode.com\/wp-json\/wp\/v2\/types\/page"}],"author":[{"embeddable":true,"href":"https:\/\/ean-barcode.com\/wp-json\/wp\/v2\/users\/1"}],"replies":[{"embeddable":true,"href":"https:\/\/ean-barcode.com\/wp-json\/wp\/v2\/comments?post=230"}],"version-history":[{"count":0,"href":"https:\/\/ean-barcode.com\/wp-json\/wp\/v2\/pages\/230\/revisions"}],"wp:attachment":[{"href":"https:\/\/ean-barcode.com\/wp-json\/wp\/v2\/media?parent=230"}],"curies":[{"name":"wp","href":"https:\/\/api.w.org\/{rel}","templated":true}]}}