{"id":2,"date":"2022-03-25T13:53:15","date_gmt":"2022-03-25T12:53:15","guid":{"rendered":"https:\/\/ean-barcode.com\/?page_id=2"},"modified":"2022-04-12T01:09:39","modified_gmt":"2022-04-11T23:09:39","slug":"tipps-zur-anwendung-von-barcodes","status":"publish","type":"page","link":"https:\/\/ean-barcode.com\/de-CH\/tipps-zur-anwendung-von-barcodes\/","title":{"rendered":"Tipps zur Anwendung von Barcodes"},"content":{"rendered":"\n<p>Die richtige Anwendung der Barcodegrafik auf Ihrem Produkt ist keine Hexerei. Hier sind die Dos und Don\u2019ts in der \u00dcbersicht:<\/p>\n\n\n\n<h3 class=\"wp-block-heading\"><strong>1. Vergr\u00f6\u00dfern und Verkleinern<\/strong><\/h3>\n\n\n\n<p>Von der 100-%-Gr\u00f6\u00dfe (etwa 33 mm Breite) darf proportional bis auf 200% vergr\u00f6\u00dfert und bis auf 85% verkleinert werden. Kleiner ist m\u00f6glich, 75% sollte jedoch besser nicht unterschritten werden. Es besteht noch die M\u00f6glichkeit des Beschnitts von oben (siehe dazu Punkt 3.), falls der Platz knapp ist. Generell ist Vergr\u00f6\u00dfern besser als Verkleinern.<\/p>\n\n\n\n<div class=\"wp-block-image\"><figure class=\"alignleft size-large\"><img data-opt-id=496314341  fetchpriority=\"high\" decoding=\"async\" width=\"1024\" height=\"171\" data-src=\"https:\/\/mlvyoc75bn9l.i.optimole.com\/w:1024\/h:171\/q:mauto\/ig:avif\/https:\/\/ean-barcode.com\/wp-content\/uploads\/2022\/04\/tipps_1b.jpg\" alt=\"Barcodes vergr\u00f6\u00dfern und verkleinern\" class=\"wp-image-293 lazyload\" data-srcset=\"https:\/\/mlvyoc75bn9l.i.optimole.com\/w:1024\/h:171\/q:mauto\/ig:avif\/https:\/\/ean-barcode.com\/wp-content\/uploads\/2022\/04\/tipps_1b.jpg 1024w, https:\/\/mlvyoc75bn9l.i.optimole.com\/w:300\/h:50\/q:mauto\/ig:avif\/https:\/\/ean-barcode.com\/wp-content\/uploads\/2022\/04\/tipps_1b.jpg 300w, https:\/\/mlvyoc75bn9l.i.optimole.com\/w:768\/h:128\/q:mauto\/ig:avif\/https:\/\/ean-barcode.com\/wp-content\/uploads\/2022\/04\/tipps_1b.jpg 768w, https:\/\/mlvyoc75bn9l.i.optimole.com\/w:1536\/h:256\/q:mauto\/ig:avif\/https:\/\/ean-barcode.com\/wp-content\/uploads\/2022\/04\/tipps_1b.jpg 1536w, https:\/\/mlvyoc75bn9l.i.optimole.com\/w:416\/h:69\/q:mauto\/ig:avif\/https:\/\/ean-barcode.com\/wp-content\/uploads\/2022\/04\/tipps_1b.jpg 416w, https:\/\/mlvyoc75bn9l.i.optimole.com\/w:1800\/h:300\/q:mauto\/ig:avif\/https:\/\/ean-barcode.com\/wp-content\/uploads\/2022\/04\/tipps_1b.jpg 1800w\" data-sizes=\"(max-width: 980px) 100vw, 980px\" src=\"data:image\/svg+xml;base64,PHN2ZyB3aWR0aD0iMSIgaGVpZ2h0PSIxIiB4bWxucz0iaHR0cDovL3d3dy53My5vcmcvMjAwMC9zdmciPjwvc3ZnPg==\" style=\"--smush-placeholder-width: 1024px; --smush-placeholder-aspect-ratio: 1024\/171;\" \/><\/figure><\/div>\n\n\n\n<figure class=\"wp-block-gallery alignleft has-nested-images columns-default is-cropped wp-block-gallery-2 is-layout-flex wp-block-gallery-is-layout-flex\"><\/figure>\n\n\n\n<p><\/p>\n\n\n\n<h3 class=\"wp-block-heading\"><strong>2. Farbe \/ Kontrast<\/strong><\/h3>\n\n\n\n<p>Am besten ist folgende Farbwahl: Schwarz f\u00fcr die Balken, Wei\u00df f\u00fcr den Hintergrund (Standard-Farbgebung bei Lieferung der Barcodes).<\/p>\n\n\n\n<p>Eine andere Farbgebung ist erlaubt, solange der Kontrast gro\u00df genug ist. Die Balken sollten immer dunkler sein als der Hintergrund. Negative Darstellung ist nicht empfohlen.<\/p>\n\n\n\n<div class=\"wp-block-image\"><figure class=\"alignleft size-large\"><img data-opt-id=233885233  fetchpriority=\"high\" decoding=\"async\" width=\"1024\" height=\"171\" data-src=\"https:\/\/mlvyoc75bn9l.i.optimole.com\/w:1024\/h:171\/q:mauto\/ig:avif\/https:\/\/ean-barcode.com\/wp-content\/uploads\/2022\/04\/tipps_2b.jpg\" alt=\"Barcodes einf\u00e4rben | Kontrast\" class=\"wp-image-294 lazyload\" data-srcset=\"https:\/\/mlvyoc75bn9l.i.optimole.com\/w:1024\/h:171\/q:mauto\/ig:avif\/https:\/\/ean-barcode.com\/wp-content\/uploads\/2022\/04\/tipps_2b.jpg 1024w, https:\/\/mlvyoc75bn9l.i.optimole.com\/w:300\/h:50\/q:mauto\/ig:avif\/https:\/\/ean-barcode.com\/wp-content\/uploads\/2022\/04\/tipps_2b.jpg 300w, https:\/\/mlvyoc75bn9l.i.optimole.com\/w:768\/h:128\/q:mauto\/ig:avif\/https:\/\/ean-barcode.com\/wp-content\/uploads\/2022\/04\/tipps_2b.jpg 768w, https:\/\/mlvyoc75bn9l.i.optimole.com\/w:1536\/h:256\/q:mauto\/ig:avif\/https:\/\/ean-barcode.com\/wp-content\/uploads\/2022\/04\/tipps_2b.jpg 1536w, https:\/\/mlvyoc75bn9l.i.optimole.com\/w:416\/h:69\/q:mauto\/ig:avif\/https:\/\/ean-barcode.com\/wp-content\/uploads\/2022\/04\/tipps_2b.jpg 416w, https:\/\/mlvyoc75bn9l.i.optimole.com\/w:1800\/h:300\/q:mauto\/ig:avif\/https:\/\/ean-barcode.com\/wp-content\/uploads\/2022\/04\/tipps_2b.jpg 1800w\" data-sizes=\"(max-width: 980px) 100vw, 980px\" src=\"data:image\/svg+xml;base64,PHN2ZyB3aWR0aD0iMSIgaGVpZ2h0PSIxIiB4bWxucz0iaHR0cDovL3d3dy53My5vcmcvMjAwMC9zdmciPjwvc3ZnPg==\" style=\"--smush-placeholder-width: 1024px; --smush-placeholder-aspect-ratio: 1024\/171;\" \/><\/figure><\/div>\n\n\n\n<figure class=\"wp-block-gallery alignleft has-nested-images columns-default is-cropped wp-block-gallery-3 is-layout-flex wp-block-gallery-is-layout-flex\"><\/figure>\n\n\n\n<h3 class=\"wp-block-heading\"><strong>3. Beschneiden <\/strong><\/h3>\n\n\n\n<p>Balkencodes d\u00fcrfen von oben her beschnitten werden, damit der Code schmaler (= weniger hoch) wird. Die Strichh\u00f6he von 10 mm sollte jedoch nicht unterschritten werden. Im Extremfall kann der Code auch nur 5 mm hoch sein, z.B. auf Bleistiften etc. Ein Hand-Laser-Leseger\u00e4t d\u00fcrfte jedoch hier eher M\u00fche haben bzw. muss genau ausgerichtet werden.<\/p>\n\n\n\n<p>Es ist besser, wenn der Barcode nicht verzerrt dargestellt wird, d.h. unproportional vergr\u00f6\u00dfert\/verkleinert. Der Barcode w\u00e4re nach wie vor mit Laser lesbar, aber die Zahlen werden schwerer zu erkennen.<\/p>\n\n\n\n<div class=\"wp-block-image\"><figure class=\"alignleft size-large\"><img data-opt-id=1176393690  data-opt-src=\"https:\/\/mlvyoc75bn9l.i.optimole.com\/w:1024\/h:171\/q:mauto\/ig:avif\/https:\/\/ean-barcode.com\/wp-content\/uploads\/2022\/04\/tipps_3b.jpg\"  decoding=\"async\" width=\"1024\" height=\"171\" data-src=\"https:\/\/mlvyoc75bn9l.i.optimole.com\/w:1024\/h:171\/q:mauto\/ig:avif\/https:\/\/ean-barcode.com\/wp-content\/uploads\/2022\/04\/tipps_3b.jpg\" alt=\"Barcodes beschneiden\" class=\"wp-image-295 lazyload\" data-old-srcset=\"https:\/\/mlvyoc75bn9l.i.optimole.com\/w:1024\/h:171\/q:mauto\/ig:avif\/https:\/\/ean-barcode.com\/wp-content\/uploads\/2022\/04\/tipps_3b.jpg 1024w, https:\/\/mlvyoc75bn9l.i.optimole.com\/w:300\/h:50\/q:mauto\/ig:avif\/https:\/\/ean-barcode.com\/wp-content\/uploads\/2022\/04\/tipps_3b.jpg 300w, https:\/\/mlvyoc75bn9l.i.optimole.com\/w:768\/h:128\/q:mauto\/ig:avif\/https:\/\/ean-barcode.com\/wp-content\/uploads\/2022\/04\/tipps_3b.jpg 768w, https:\/\/mlvyoc75bn9l.i.optimole.com\/w:1536\/h:256\/q:mauto\/ig:avif\/https:\/\/ean-barcode.com\/wp-content\/uploads\/2022\/04\/tipps_3b.jpg 1536w, https:\/\/mlvyoc75bn9l.i.optimole.com\/w:416\/h:69\/q:mauto\/ig:avif\/https:\/\/ean-barcode.com\/wp-content\/uploads\/2022\/04\/tipps_3b.jpg 416w, https:\/\/mlvyoc75bn9l.i.optimole.com\/w:1800\/h:300\/q:mauto\/ig:avif\/https:\/\/ean-barcode.com\/wp-content\/uploads\/2022\/04\/tipps_3b.jpg 1800w\" data-sizes=\"(max-width: 980px) 100vw, 980px\" src=\"data:image\/svg+xml;base64,PHN2ZyB3aWR0aD0iMSIgaGVpZ2h0PSIxIiB4bWxucz0iaHR0cDovL3d3dy53My5vcmcvMjAwMC9zdmciPjwvc3ZnPg==\" style=\"--smush-placeholder-width: 1024px; --smush-placeholder-aspect-ratio: 1024\/171;\" \/><\/figure><\/div>\n\n\n\n<p><\/p>\n\n\n\n<p class=\"has-text-align-left\">Die Barcodes d\u00fcrfen nach oben verl\u00e4ngert und ins Verpackungsdesign eingebaut werden (wie z.B. Aldi es praktiziert, wo Strichcodes teilweise um die ganze Verpackung herum laufen). Vorteil in diesem Fall: Barcode muss nicht gesucht werden = Packung muss nicht gedreht werden = Zeitgewinn. Die Zahlen brauchen nicht waagrecht zu stehen bzw. die Striche nicht senkrecht. <\/p>\n\n\n\n<p class=\"has-text-align-left\">Das Anbringen von speziellen grafischen Elementen ist im oberen Teil des Barcodes erlaubt. Wichtig ist, dass die Reihe der Striche nirgends unterbrochen wird.<\/p>\n\n\n\n<div class=\"wp-block-image\"><figure class=\"alignleft size-large\"><img data-opt-id=1960467493  data-opt-src=\"https:\/\/mlvyoc75bn9l.i.optimole.com\/w:1024\/h:171\/q:mauto\/ig:avif\/https:\/\/ean-barcode.com\/wp-content\/uploads\/2022\/04\/tipps_4.jpg\"  decoding=\"async\" width=\"1024\" height=\"171\" data-src=\"https:\/\/mlvyoc75bn9l.i.optimole.com\/w:1024\/h:171\/q:mauto\/ig:avif\/https:\/\/ean-barcode.com\/wp-content\/uploads\/2022\/04\/tipps_4.jpg\" alt=\"Ausgefallenes Barcode-Design\" class=\"wp-image-296 lazyload\" data-old-srcset=\"https:\/\/mlvyoc75bn9l.i.optimole.com\/w:1024\/h:171\/q:mauto\/ig:avif\/https:\/\/ean-barcode.com\/wp-content\/uploads\/2022\/04\/tipps_4.jpg 1024w, https:\/\/mlvyoc75bn9l.i.optimole.com\/w:300\/h:50\/q:mauto\/ig:avif\/https:\/\/ean-barcode.com\/wp-content\/uploads\/2022\/04\/tipps_4.jpg 300w, https:\/\/mlvyoc75bn9l.i.optimole.com\/w:768\/h:128\/q:mauto\/ig:avif\/https:\/\/ean-barcode.com\/wp-content\/uploads\/2022\/04\/tipps_4.jpg 768w, https:\/\/mlvyoc75bn9l.i.optimole.com\/w:1536\/h:256\/q:mauto\/ig:avif\/https:\/\/ean-barcode.com\/wp-content\/uploads\/2022\/04\/tipps_4.jpg 1536w, https:\/\/mlvyoc75bn9l.i.optimole.com\/w:416\/h:69\/q:mauto\/ig:avif\/https:\/\/ean-barcode.com\/wp-content\/uploads\/2022\/04\/tipps_4.jpg 416w, https:\/\/mlvyoc75bn9l.i.optimole.com\/w:1800\/h:300\/q:mauto\/ig:avif\/https:\/\/ean-barcode.com\/wp-content\/uploads\/2022\/04\/tipps_4.jpg 1800w\" data-sizes=\"(max-width: 980px) 100vw, 980px\" src=\"data:image\/svg+xml;base64,PHN2ZyB3aWR0aD0iMSIgaGVpZ2h0PSIxIiB4bWxucz0iaHR0cDovL3d3dy53My5vcmcvMjAwMC9zdmciPjwvc3ZnPg==\" style=\"--smush-placeholder-width: 1024px; --smush-placeholder-aspect-ratio: 1024\/171;\" \/><\/figure><\/div>\n\n\n\n<p>Auch m\u00f6glich (s. Bild unten): ganz schmal \u2013 der unterste ist nur 5 mm hoch. Die Zahlen der EAN\/GTIN wurden an einer andern Stelle angebracht.<\/p>\n\n\n\n<p><\/p>\n\n\n\n<div class=\"wp-block-image\"><figure class=\"alignleft size-full\"><img data-opt-id=2059790625  data-opt-src=\"https:\/\/mlvyoc75bn9l.i.optimole.com\/w:auto\/h:auto\/q:mauto\/ig:avif\/https:\/\/ean-barcode.com\/wp-content\/uploads\/2022\/04\/filzer.jpg\"  decoding=\"async\" width=\"250\" height=\"276\" data-src=\"https:\/\/mlvyoc75bn9l.i.optimole.com\/w:auto\/h:auto\/q:mauto\/ig:avif\/https:\/\/ean-barcode.com\/wp-content\/uploads\/2022\/04\/filzer.jpg\" alt=\"\" class=\"wp-image-173 lazyload\" src=\"data:image\/svg+xml;base64,PHN2ZyB3aWR0aD0iMSIgaGVpZ2h0PSIxIiB4bWxucz0iaHR0cDovL3d3dy53My5vcmcvMjAwMC9zdmciPjwvc3ZnPg==\" style=\"--smush-placeholder-width: 250px; --smush-placeholder-aspect-ratio: 250\/276;\" \/><figcaption>Ganz schmale Barcodes von nur 5 mm H\u00f6he.<\/figcaption><\/figure><\/div>\n\n\n\n<h3 class=\"wp-block-heading\"><strong>4. Druckqualit\u00e4t<\/strong><\/h3>\n\n\n\n<p>Die Druckqualit\u00e4t muss gut sein. Sobald Unsch\u00e4rfen entstehen, fangen die Probleme an. Diese Gefahr besteht vor allem bei eingef\u00e4rbten Codes, wenn nicht ganz registergetreu gedruckt wird.<\/p>\n\n\n\n<p>Einen Praxistest k\u00f6nnen sie in jedem Gesch\u00e4ft mit Scannerkasse machen. Oder auch mit einer Smartphone-App, welche Barcodes lesen kann. Sobald eine Reaktion vorliegt (z.B. ein akustisches Signal), hat der Laser bzw. die Kamera den Code erkannt, jedoch u.U. nicht das Produkt, denn dieses ist ja (noch) nicht im Sortiment des Ladens vorhanden, d.h. nicht im Kassensystem (oder in der App-Datenbank) erfasst. Es d\u00fcrfte also beim Test zu einer \u00abArtikel-nicht-gefunden\u00bb-Fehlermeldung kommen. Der Code als solches wurde jedoch erfolgreich erkannt.&nbsp;<\/p>\n\n\n\n<p>Ein Problem liegt vor, wenn das Kassensystem der die App \u00fcberhaupt keine R\u00fcckmeldung ausgibt, d.h. den Code nicht erkennen kann. In solchen F\u00e4llen d\u00fcrfen Sie sich gerne an uns wenden (bitte Bild des Barcodes mitsenden). Vergleichen Sie in solchen F\u00e4llen auch, ob der Barcode wirkich ganz abgebildet wurde. Zum Nichterkennen kommt es h\u00e4ufig, wenn aus Versehen ein Teil der Striche (rechts oder links) abgeschnitten wurde.<\/p>\n\n\n\n<p><\/p>\n\n\n\n<h3 class=\"wp-block-heading\"><strong>Weitere W\u00fcnsche?<\/strong><\/h3>\n\n\n\n<p>Wir kreieren auch&nbsp;<strong>Etiketten \/ Labels<\/strong>&nbsp;f\u00fcr Ihr Produkt und helfen Ihnen gerne bei der grafischen Umsetzung.&nbsp;F\u00fcr weitere Fragen und W\u00fcnsche kontaktieren Sie uns einfach.<\/p>\n\n\n\n<p>M\u00f6chten Sie noch mehr erfahren? Hier sind unsere&nbsp;<a href=\"https:\/\/ean-barcode.com\/faq-ean-gtin-barcode\/\" data-type=\"page\" data-id=\"28\">h\u00e4ufig gestellten Fragen (FAQ)<\/a>.<\/p>\n","protected":false},"excerpt":{"rendered":"<p>Die richtige Anwendung der Barcodegrafik auf Ihrem Produkt ist keine Hexerei. Hier sind die Dos und Don\u2019ts in der \u00dcbersicht: 1. Vergr\u00f6\u00dfern und Verkleinern Von der 100-%-Gr\u00f6\u00dfe (etwa 33 mm Breite) darf proportional bis auf 200% vergr\u00f6\u00dfert und bis auf 85% verkleinert werden. Kleiner ist m\u00f6glich, 75% sollte jedoch besser nicht unterschritten werden. Es besteht [&hellip;]<\/p>\n","protected":false},"author":1,"featured_media":0,"parent":0,"menu_order":0,"comment_status":"closed","ping_status":"open","template":"","meta":{"_locale":"de_CH","_original_post":"https:\/\/ean-barcode.com\/?page_id=2","footnotes":""},"class_list":["post-2","page","type-page","status-publish","hentry","de-CH"],"yoast_head":"<!-- This site is optimized with the Yoast SEO plugin v27.5 - https:\/\/yoast.com\/product\/yoast-seo-wordpress\/ -->\n<title>Tipps zur Anwendung von Barcodes - ean-barcode schweiz<\/title>\n<meta name=\"description\" content=\"Tipps zur Anwendung von Barcodes (Dos &amp; Don\u2019ts): Vergr\u00f6\u00dfern\/Verkleinern. Kontrast. Beschneiden. Kreative Verwendung von Strichcodes.\" \/>\n<meta name=\"robots\" content=\"index, follow, max-snippet:-1, max-image-preview:large, max-video-preview:-1\" \/>\n<link rel=\"canonical\" href=\"https:\/\/ean-barcode.com\/tipps-zur-anwendung-von-barcodes\/\" \/>\n<meta property=\"og:locale\" content=\"de_DE\" \/>\n<meta property=\"og:type\" content=\"article\" \/>\n<meta property=\"og:title\" content=\"Tipps zur Anwendung von Barcodes - ean-barcode schweiz\" \/>\n<meta property=\"og:description\" content=\"Tipps zur Anwendung von Barcodes (Dos &amp; Don\u2019ts): Vergr\u00f6\u00dfern\/Verkleinern. Kontrast. Beschneiden. Kreative Verwendung von Strichcodes.\" \/>\n<meta property=\"og:url\" content=\"https:\/\/ean-barcode.com\/tipps-zur-anwendung-von-barcodes\/\" \/>\n<meta property=\"og:site_name\" content=\"ean-barcode schweiz\" \/>\n<meta property=\"article:publisher\" content=\"https:\/\/www.facebook.com\/eanbarcode\" \/>\n<meta property=\"article:modified_time\" content=\"2022-04-11T23:09:39+00:00\" \/>\n<meta property=\"og:image\" content=\"https:\/\/mlvyoc75bn9l.i.optimole.com\/w:1024\/h:171\/q:mauto\/ig:avif\/https:\/\/ean-barcode.com\/wp-content\/uploads\/2022\/04\/tipps_1b.jpg\" \/>\n<meta name=\"twitter:card\" content=\"summary_large_image\" \/>\n<meta name=\"twitter:site\" content=\"@ean_barcode\" \/>\n<meta name=\"twitter:label1\" content=\"Gesch\u00e4tzte Lesezeit\" \/>\n\t<meta name=\"twitter:data1\" content=\"4\u00a0Minuten\" \/>\n<script type=\"application\/ld+json\" class=\"yoast-schema-graph\">{\"@context\":\"https:\\\/\\\/schema.org\",\"@graph\":[{\"@type\":\"WebPage\",\"@id\":\"https:\\\/\\\/ean-barcode.com\\\/tipps-zur-anwendung-von-barcodes\\\/\",\"url\":\"https:\\\/\\\/ean-barcode.com\\\/tipps-zur-anwendung-von-barcodes\\\/\",\"name\":\"Tipps zur Anwendung von Barcodes - ean-barcode schweiz\",\"isPartOf\":{\"@id\":\"https:\\\/\\\/ean-barcode.com\\\/#website\"},\"primaryImageOfPage\":{\"@id\":\"https:\\\/\\\/ean-barcode.com\\\/tipps-zur-anwendung-von-barcodes\\\/#primaryimage\"},\"image\":{\"@id\":\"https:\\\/\\\/ean-barcode.com\\\/tipps-zur-anwendung-von-barcodes\\\/#primaryimage\"},\"thumbnailUrl\":\"https:\\/\\/ean-barcode.com\\/wp-content\\/uploads\\/2022\\/04\\/tipps_1b-1024x171.jpg\",\"datePublished\":\"2022-03-25T12:53:15+00:00\",\"dateModified\":\"2022-04-11T23:09:39+00:00\",\"description\":\"Tipps zur Anwendung von Barcodes (Dos & Don\u2019ts): Vergr\u00f6\u00dfern\\\/Verkleinern. Kontrast. Beschneiden. Kreative Verwendung von Strichcodes.\",\"breadcrumb\":{\"@id\":\"https:\\\/\\\/ean-barcode.com\\\/tipps-zur-anwendung-von-barcodes\\\/#breadcrumb\"},\"inLanguage\":\"de-CH\",\"potentialAction\":[{\"@type\":\"ReadAction\",\"target\":[\"https:\\\/\\\/ean-barcode.com\\\/tipps-zur-anwendung-von-barcodes\\\/\"]}]},{\"@type\":\"ImageObject\",\"inLanguage\":\"de-CH\",\"@id\":\"https:\\\/\\\/ean-barcode.com\\\/tipps-zur-anwendung-von-barcodes\\\/#primaryimage\",\"url\":\"https:\\/\\/ean-barcode.com\\/wp-content\\/uploads\\/2022\\/04\\/tipps_1b.jpg\",\"contentUrl\":\"https:\\/\\/ean-barcode.com\\/wp-content\\/uploads\\/2022\\/04\\/tipps_1b.jpg\",\"width\":1800,\"height\":300,\"caption\":\"Barcodes vergr\u00f6\u00dfern und verkleinern\"},{\"@type\":\"BreadcrumbList\",\"@id\":\"https:\\\/\\\/ean-barcode.com\\\/tipps-zur-anwendung-von-barcodes\\\/#breadcrumb\",\"itemListElement\":[{\"@type\":\"ListItem\",\"position\":1,\"name\":\"Home\",\"item\":\"https:\\\/\\\/ean-barcode.com\\\/\"},{\"@type\":\"ListItem\",\"position\":2,\"name\":\"Tipps zur Anwendung von Barcodes\"}]},{\"@type\":\"WebSite\",\"@id\":\"https:\\\/\\\/ean-barcode.com\\\/#website\",\"url\":\"https:\\\/\\\/ean-barcode.com\\\/\",\"name\":\"ean-barcode schweiz\",\"description\":\"Ihr Partner f\u00fcr EAN \\\/ GTIN \\\/ Barcodes \u2013 Schweiz und international\",\"publisher\":{\"@id\":\"https:\\\/\\\/ean-barcode.com\\\/#organization\"},\"potentialAction\":[{\"@type\":\"SearchAction\",\"target\":{\"@type\":\"EntryPoint\",\"urlTemplate\":\"https:\\\/\\\/ean-barcode.com\\\/?s={search_term_string}\"},\"query-input\":{\"@type\":\"PropertyValueSpecification\",\"valueRequired\":true,\"valueName\":\"search_term_string\"}}],\"inLanguage\":\"de-CH\"},{\"@type\":\"Organization\",\"@id\":\"https:\\\/\\\/ean-barcode.com\\\/#organization\",\"name\":\"ean-barcode schweiz\",\"url\":\"https:\\\/\\\/ean-barcode.com\\\/\",\"logo\":{\"@type\":\"ImageObject\",\"inLanguage\":\"de-CH\",\"@id\":\"https:\\\/\\\/ean-barcode.com\\\/#\\\/schema\\\/logo\\\/image\\\/\",\"url\":\"https:\\/\\/ean-barcode.com\\/wp-content\\/uploads\\/2022\\/04\\/ean-barcode-schweiz-logo_fb.jpg\",\"contentUrl\":\"https:\\/\\/ean-barcode.com\\/wp-content\\/uploads\\/2022\\/04\\/ean-barcode-schweiz-logo_fb.jpg\",\"width\":1200,\"height\":630,\"caption\":\"ean-barcode schweiz\"},\"image\":{\"@id\":\"https:\\\/\\\/ean-barcode.com\\\/#\\\/schema\\\/logo\\\/image\\\/\"},\"sameAs\":[\"https:\\\/\\\/www.facebook.com\\\/eanbarcode\",\"https:\\\/\\\/x.com\\\/ean_barcode\"]}]}<\/script>\n<!-- \/ Yoast SEO plugin. -->","yoast_head_json":{"title":"Tipps zur Anwendung von Barcodes - ean-barcode schweiz","description":"Tipps zur Anwendung von Barcodes (Dos & Don\u2019ts): Vergr\u00f6\u00dfern\/Verkleinern. Kontrast. Beschneiden. Kreative Verwendung von Strichcodes.","robots":{"index":"index","follow":"follow","max-snippet":"max-snippet:-1","max-image-preview":"max-image-preview:large","max-video-preview":"max-video-preview:-1"},"canonical":"https:\/\/ean-barcode.com\/tipps-zur-anwendung-von-barcodes\/","og_locale":"de_DE","og_type":"article","og_title":"Tipps zur Anwendung von Barcodes - ean-barcode schweiz","og_description":"Tipps zur Anwendung von Barcodes (Dos & Don\u2019ts): Vergr\u00f6\u00dfern\/Verkleinern. Kontrast. Beschneiden. Kreative Verwendung von Strichcodes.","og_url":"https:\/\/ean-barcode.com\/tipps-zur-anwendung-von-barcodes\/","og_site_name":"ean-barcode schweiz","article_publisher":"https:\/\/www.facebook.com\/eanbarcode","article_modified_time":"2022-04-11T23:09:39+00:00","og_image":[{"url":"https:\/\/mlvyoc75bn9l.i.optimole.com\/w:1024\/h:171\/q:mauto\/ig:avif\/https:\/\/ean-barcode.com\/wp-content\/uploads\/2022\/04\/tipps_1b.jpg","type":"","width":"","height":""}],"twitter_card":"summary_large_image","twitter_site":"@ean_barcode","twitter_misc":{"Gesch\u00e4tzte Lesezeit":"4\u00a0Minuten"},"schema":{"@context":"https:\/\/schema.org","@graph":[{"@type":"WebPage","@id":"https:\/\/ean-barcode.com\/tipps-zur-anwendung-von-barcodes\/","url":"https:\/\/ean-barcode.com\/tipps-zur-anwendung-von-barcodes\/","name":"Tipps zur Anwendung von Barcodes - ean-barcode schweiz","isPartOf":{"@id":"https:\/\/ean-barcode.com\/#website"},"primaryImageOfPage":{"@id":"https:\/\/ean-barcode.com\/tipps-zur-anwendung-von-barcodes\/#primaryimage"},"image":{"@id":"https:\/\/ean-barcode.com\/tipps-zur-anwendung-von-barcodes\/#primaryimage"},"thumbnailUrl":"https:\/\/mlvyoc75bn9l.i.optimole.com\/w:1024\/h:171\/q:mauto\/ig:avif\/https:\/\/ean-barcode.com\/wp-content\/uploads\/2022\/04\/tipps_1b.jpg","datePublished":"2022-03-25T12:53:15+00:00","dateModified":"2022-04-11T23:09:39+00:00","description":"Tipps zur Anwendung von Barcodes (Dos & Don\u2019ts): Vergr\u00f6\u00dfern\/Verkleinern. Kontrast. Beschneiden. Kreative Verwendung von Strichcodes.","breadcrumb":{"@id":"https:\/\/ean-barcode.com\/tipps-zur-anwendung-von-barcodes\/#breadcrumb"},"inLanguage":"de-CH","potentialAction":[{"@type":"ReadAction","target":["https:\/\/ean-barcode.com\/tipps-zur-anwendung-von-barcodes\/"]}]},{"@type":"ImageObject","inLanguage":"de-CH","@id":"https:\/\/ean-barcode.com\/tipps-zur-anwendung-von-barcodes\/#primaryimage","url":"https:\/\/mlvyoc75bn9l.i.optimole.com\/w:auto\/h:auto\/q:mauto\/ig:avif\/https:\/\/ean-barcode.com\/wp-content\/uploads\/2022\/04\/tipps_1b.jpg","contentUrl":"https:\/\/mlvyoc75bn9l.i.optimole.com\/w:auto\/h:auto\/q:mauto\/ig:avif\/https:\/\/ean-barcode.com\/wp-content\/uploads\/2022\/04\/tipps_1b.jpg","width":1800,"height":300,"caption":"Barcodes vergr\u00f6\u00dfern und verkleinern"},{"@type":"BreadcrumbList","@id":"https:\/\/ean-barcode.com\/tipps-zur-anwendung-von-barcodes\/#breadcrumb","itemListElement":[{"@type":"ListItem","position":1,"name":"Home","item":"https:\/\/ean-barcode.com\/"},{"@type":"ListItem","position":2,"name":"Tipps zur Anwendung von Barcodes"}]},{"@type":"WebSite","@id":"https:\/\/ean-barcode.com\/#website","url":"https:\/\/ean-barcode.com\/","name":"ean-barcode schweiz","description":"Ihr Partner f\u00fcr EAN \/ GTIN \/ Barcodes \u2013 Schweiz und international","publisher":{"@id":"https:\/\/ean-barcode.com\/#organization"},"potentialAction":[{"@type":"SearchAction","target":{"@type":"EntryPoint","urlTemplate":"https:\/\/ean-barcode.com\/?s={search_term_string}"},"query-input":{"@type":"PropertyValueSpecification","valueRequired":true,"valueName":"search_term_string"}}],"inLanguage":"de-CH"},{"@type":"Organization","@id":"https:\/\/ean-barcode.com\/#organization","name":"ean-barcode schweiz","url":"https:\/\/ean-barcode.com\/","logo":{"@type":"ImageObject","inLanguage":"de-CH","@id":"https:\/\/ean-barcode.com\/#\/schema\/logo\/image\/","url":"https:\/\/mlvyoc75bn9l.i.optimole.com\/w:auto\/h:auto\/q:mauto\/ig:avif\/https:\/\/ean-barcode.com\/wp-content\/uploads\/2022\/04\/ean-barcode-schweiz-logo_fb.jpg","contentUrl":"https:\/\/mlvyoc75bn9l.i.optimole.com\/w:auto\/h:auto\/q:mauto\/ig:avif\/https:\/\/ean-barcode.com\/wp-content\/uploads\/2022\/04\/ean-barcode-schweiz-logo_fb.jpg","width":1200,"height":630,"caption":"ean-barcode schweiz"},"image":{"@id":"https:\/\/ean-barcode.com\/#\/schema\/logo\/image\/"},"sameAs":["https:\/\/www.facebook.com\/eanbarcode","https:\/\/x.com\/ean_barcode"]}]}},"_links":{"self":[{"href":"https:\/\/ean-barcode.com\/wp-json\/wp\/v2\/pages\/2","targetHints":{"allow":["GET"]}}],"collection":[{"href":"https:\/\/ean-barcode.com\/wp-json\/wp\/v2\/pages"}],"about":[{"href":"https:\/\/ean-barcode.com\/wp-json\/wp\/v2\/types\/page"}],"author":[{"embeddable":true,"href":"https:\/\/ean-barcode.com\/wp-json\/wp\/v2\/users\/1"}],"replies":[{"embeddable":true,"href":"https:\/\/ean-barcode.com\/wp-json\/wp\/v2\/comments?post=2"}],"version-history":[{"count":0,"href":"https:\/\/ean-barcode.com\/wp-json\/wp\/v2\/pages\/2\/revisions"}],"wp:attachment":[{"href":"https:\/\/ean-barcode.com\/wp-json\/wp\/v2\/media?parent=2"}],"curies":[{"name":"wp","href":"https:\/\/api.w.org\/{rel}","templated":true}]}}