{"id":120,"date":"2022-04-01T16:43:53","date_gmt":"2022-04-01T14:43:53","guid":{"rendered":"https:\/\/ean-barcode.com\/?page_id=120"},"modified":"2022-04-17T00:12:01","modified_gmt":"2022-04-16T22:12:01","slug":"nummern-vergabestellen-ean-gtin-isbn-issn","status":"publish","type":"page","link":"https:\/\/ean-barcode.com\/de-CH\/nummern-vergabestellen-ean-gtin-isbn-issn\/","title":{"rendered":"Vergabestellen f\u00fcr EAN (GTIN), ISBN und ISSN"},"content":{"rendered":"\n<p>Wir machen auch Barcodes aus schon registrierten Nummern \u2013 die Nummern selbst (EAN\/GTIN, ISBN, ISSN) m\u00fcssen Sie bei der entsprechenden Nummernvergabestelle Ihres Landes beziehen (= kaufen bzw. mieten). Wenn Sie aber nur einen einzelnen (oder wenige) EAN-Codes f\u00fcr Produkte brauchen, k\u00f6nnen Sie diese inkl. Nummer auch bei uns beziehen (<a data-type=\"URL\" data-id=\"https:\/\/ean-barcode.com\/produkt-kategorie\/ean-gtin-mit-barcode\/\" href=\"https:\/\/ean-barcode.com\/produkt-kategorie\/ean-gtin-mit-barcode\/\">Bestellformular<\/a>).<\/p>\n\n\n\n<div class=\"wp-block-image\"><figure class=\"alignleft size-large\"><img data-opt-id=1145756719  fetchpriority=\"high\" decoding=\"async\" width=\"1024\" height=\"171\" data-src=\"https:\/\/mlvyoc75bn9l.i.optimole.com\/w:1024\/h:171\/q:mauto\/ig:avif\/https:\/\/ean-barcode.com\/wp-content\/uploads\/2022\/04\/gtin-issn-isbn.jpg\" alt=\"GTIN (EAN) \u2013 ISSN \u2013 ISBN\" class=\"wp-image-242 lazyload\" data-srcset=\"https:\/\/mlvyoc75bn9l.i.optimole.com\/w:1024\/h:171\/q:mauto\/ig:avif\/https:\/\/ean-barcode.com\/wp-content\/uploads\/2022\/04\/gtin-issn-isbn.jpg 1024w, https:\/\/mlvyoc75bn9l.i.optimole.com\/w:300\/h:50\/q:mauto\/ig:avif\/https:\/\/ean-barcode.com\/wp-content\/uploads\/2022\/04\/gtin-issn-isbn.jpg 300w, https:\/\/mlvyoc75bn9l.i.optimole.com\/w:768\/h:128\/q:mauto\/ig:avif\/https:\/\/ean-barcode.com\/wp-content\/uploads\/2022\/04\/gtin-issn-isbn.jpg 768w, https:\/\/mlvyoc75bn9l.i.optimole.com\/w:1536\/h:256\/q:mauto\/ig:avif\/https:\/\/ean-barcode.com\/wp-content\/uploads\/2022\/04\/gtin-issn-isbn.jpg 1536w, https:\/\/mlvyoc75bn9l.i.optimole.com\/w:416\/h:69\/q:mauto\/ig:avif\/https:\/\/ean-barcode.com\/wp-content\/uploads\/2022\/04\/gtin-issn-isbn.jpg 416w, https:\/\/mlvyoc75bn9l.i.optimole.com\/w:1800\/h:300\/q:mauto\/ig:avif\/https:\/\/ean-barcode.com\/wp-content\/uploads\/2022\/04\/gtin-issn-isbn.jpg 1800w\" data-sizes=\"(max-width: 980px) 100vw, 980px\" src=\"data:image\/svg+xml;base64,PHN2ZyB3aWR0aD0iMSIgaGVpZ2h0PSIxIiB4bWxucz0iaHR0cDovL3d3dy53My5vcmcvMjAwMC9zdmciPjwvc3ZnPg==\" style=\"--smush-placeholder-width: 1024px; --smush-placeholder-aspect-ratio: 1024\/171;\" \/><\/figure><\/div>\n\n\n\n<p><\/p>\n\n\n\n<p>Hier sind die Registrierstellen f\u00fcr die D-A-CH-L\u00e4nder (Deutschland, \u00d6sterreich, Schweiz, Liechtenstein):<\/p>\n\n\n\n<h3 class=\"wp-block-heading\"><strong>Deutschland<\/strong><\/h3>\n\n\n\n<p>GTIN\/EAN (Produkte au\u00dfer B\u00fccher und Zeitschriften):<br><a href=\"http:\/\/www.gs1-germany.de\/\" target=\"_blank\" rel=\"noreferrer noopener\"><strong>GS1 Germany<\/strong><\/a><\/p>\n\n\n\n<p>ISBN (B\u00fccher):<br><a href=\"https:\/\/www.german-isbn.de\/\" target=\"_blank\" rel=\"noreferrer noopener\"><strong>ISBN-Agentur f\u00fcr Deutschland<\/strong><\/a><\/p>\n\n\n\n<p>ISSN (Zeitschriften)*:<br><strong><a href=\"https:\/\/www.dnb.de\/DE\/Professionell\/Services\/ISSN\/issn.html\" target=\"_blank\" rel=\"noreferrer noopener\">ISSN-Zentrum f\u00fcr Deutschland<\/a><\/strong> bzw. <a href=\"https:\/\/www.gs1-germany.de\/\" target=\"_blank\" rel=\"noreferrer noopener\"><strong>GS1 Germany<\/strong><\/a><\/p>\n\n\n\n<p>* Hinweis: Zeitschriften f\u00fcr den&nbsp;<strong>Kioskverkauf<\/strong>&nbsp;in Deutschland brauchen einen 419er-EAN-Code (sog.&nbsp;<a href=\"http:\/\/www.dpv.de\/vertriebsw\/html\/790\/eanpressecode.html\" target=\"_blank\" rel=\"noreferrer noopener\">EAN-Pressecode<\/a>). Bitte an GS1 Germany wenden.<\/p>\n\n\n\n<h3 class=\"wp-block-heading\"><strong>\u00d6sterreich<\/strong><\/h3>\n\n\n\n<p>GTIN\/EAN (Produkte):<br><a href=\"https:\/\/www.gs1.at\/\" target=\"_blank\" rel=\"noreferrer noopener\"><strong>GS1 Austria<\/strong><\/a><\/p>\n\n\n\n<p>ISBN (B\u00fccher):<br><strong><a href=\"https:\/\/isbn-austria.at\/startseite-isbn\/\" target=\"_blank\" rel=\"noreferrer noopener\">Hauptverband des \u00d6sterreichischen Buchhandels<\/a><\/strong><\/p>\n\n\n\n<p>ISSN (Zeitschriften):<br><strong><a href=\"https:\/\/issn.at\/startseite-issn\" target=\"_blank\" rel=\"noreferrer noopener\">ISSN Austria<\/a><\/strong><\/p>\n\n\n\n<h3 class=\"wp-block-heading\"><strong>Schweiz \/ Liechtenstein<\/strong><\/h3>\n\n\n\n<p>GTIN\/EAN (Produkte):<br><a href=\"http:\/\/www.gs1.ch\/\" target=\"_blank\" rel=\"noreferrer noopener\"><strong>GS1 Switzerland<\/strong><\/a><\/p>\n\n\n\n<p>ISBN (B\u00fccher):<br><a href=\"https:\/\/www.sbvv.ch\/orderisbn\/25\/ISBN-Agentur\/Bestellformular\" target=\"_blank\" rel=\"noreferrer noopener\"><strong>ISBN-Agentur Schweiz<\/strong><\/a><\/p>\n\n\n\n<p>ISSN (Zeitschriften):<br><a href=\"https:\/\/www.nb.admin.ch\/snl\/de\/home\/fachinformationen\/issn.html\" target=\"_blank\" rel=\"noreferrer noopener\"><strong>ISSN-Zentrum Schweiz<\/strong><br><\/a><\/p>\n\n\n\n<p>F\u00fcr weitere Fragen verwenden Sie bitte das&nbsp;<a href=\"https:\/\/ean-barcode.com\/kontakt\/\">Kontaktformular<\/a>&nbsp;oder rufen Sie uns an.<\/p>\n\n\n\n<p><\/p>\n","protected":false},"excerpt":{"rendered":"<p>Wir machen auch Barcodes aus schon registrierten Nummern \u2013 die Nummern selbst (EAN\/GTIN, ISBN, ISSN) m\u00fcssen Sie bei der entsprechenden Nummernvergabestelle Ihres Landes beziehen (= kaufen bzw. mieten). Wenn Sie aber nur einen einzelnen (oder wenige) EAN-Codes f\u00fcr Produkte brauchen, k\u00f6nnen Sie diese inkl. Nummer auch bei uns beziehen (Bestellformular). Hier sind die Registrierstellen f\u00fcr [&hellip;]<\/p>\n","protected":false},"author":1,"featured_media":0,"parent":0,"menu_order":0,"comment_status":"closed","ping_status":"closed","template":"","meta":{"_locale":"de_CH","_original_post":"https:\/\/ean-barcode.com\/?page_id=120","footnotes":""},"class_list":["post-120","page","type-page","status-publish","hentry","de-CH"],"yoast_head":"<!-- This site is optimized with the Yoast SEO plugin v27.4 - https:\/\/yoast.com\/product\/yoast-seo-wordpress\/ -->\n<title>Vergabestellen f\u00fcr EAN (GTIN), ISBN und ISSN - ean-barcode schweiz<\/title>\n<meta name=\"description\" content=\"Nummernvergabestellen der DACH-L\u00e4nder: Deutschland, \u00d6sterreich, Schweiz. EAN\/GTIN (diverse Produkte), ISBN (B\u00fccher), ISSN (Zeitschriften).\" \/>\n<meta name=\"robots\" content=\"index, follow, max-snippet:-1, max-image-preview:large, max-video-preview:-1\" \/>\n<link rel=\"canonical\" href=\"https:\/\/ean-barcode.com\/nummern-vergabestellen-ean-gtin-isbn-issn\/\" \/>\n<meta property=\"og:locale\" content=\"de_DE\" \/>\n<meta property=\"og:type\" content=\"article\" \/>\n<meta property=\"og:title\" content=\"Vergabestellen f\u00fcr EAN (GTIN), ISBN und ISSN\" \/>\n<meta property=\"og:description\" content=\"Wir machen auch Barcodes aus schon registrierten Nummern (EAN\/GTIN, ISBN, ISSN). Wenn Sie aber nur einen einzelnen (oder wenige) EAN-Codes f\u00fcr Produkte brauchen, k\u00f6nnen Sie diese inkl. Nummer auch bei uns beziehen.\" \/>\n<meta property=\"og:url\" content=\"https:\/\/ean-barcode.com\/nummern-vergabestellen-ean-gtin-isbn-issn\/\" \/>\n<meta property=\"og:site_name\" content=\"ean-barcode schweiz\" \/>\n<meta property=\"article:publisher\" content=\"https:\/\/www.facebook.com\/eanbarcode\" \/>\n<meta property=\"article:modified_time\" content=\"2022-04-16T22:12:01+00:00\" \/>\n<meta property=\"og:image\" content=\"https:\/\/mlvyoc75bn9l.i.optimole.com\/w:1024\/h:171\/q:mauto\/ig:avif\/https:\/\/ean-barcode.com\/wp-content\/uploads\/2022\/04\/gtin-issn-isbn.jpg\" \/>\n<meta name=\"twitter:card\" content=\"summary_large_image\" \/>\n<meta name=\"twitter:site\" content=\"@ean_barcode\" \/>\n<meta name=\"twitter:label1\" content=\"Gesch\u00e4tzte Lesezeit\" \/>\n\t<meta name=\"twitter:data1\" content=\"1\u00a0Minute\" \/>\n<script type=\"application\/ld+json\" class=\"yoast-schema-graph\">{\"@context\":\"https:\\\/\\\/schema.org\",\"@graph\":[{\"@type\":\"WebPage\",\"@id\":\"https:\\\/\\\/ean-barcode.com\\\/nummern-vergabestellen-ean-gtin-isbn-issn\\\/\",\"url\":\"https:\\\/\\\/ean-barcode.com\\\/nummern-vergabestellen-ean-gtin-isbn-issn\\\/\",\"name\":\"Vergabestellen f\u00fcr EAN (GTIN), ISBN und ISSN - ean-barcode schweiz\",\"isPartOf\":{\"@id\":\"https:\\\/\\\/ean-barcode.com\\\/#website\"},\"primaryImageOfPage\":{\"@id\":\"https:\\\/\\\/ean-barcode.com\\\/nummern-vergabestellen-ean-gtin-isbn-issn\\\/#primaryimage\"},\"image\":{\"@id\":\"https:\\\/\\\/ean-barcode.com\\\/nummern-vergabestellen-ean-gtin-isbn-issn\\\/#primaryimage\"},\"thumbnailUrl\":\"https:\\/\\/ean-barcode.com\\/wp-content\\/uploads\\/2022\\/04\\/gtin-issn-isbn-1024x171.jpg\",\"datePublished\":\"2022-04-01T14:43:53+00:00\",\"dateModified\":\"2022-04-16T22:12:01+00:00\",\"description\":\"Nummernvergabestellen der DACH-L\u00e4nder: Deutschland, \u00d6sterreich, Schweiz. EAN\\\/GTIN (diverse Produkte), ISBN (B\u00fccher), ISSN (Zeitschriften).\",\"breadcrumb\":{\"@id\":\"https:\\\/\\\/ean-barcode.com\\\/nummern-vergabestellen-ean-gtin-isbn-issn\\\/#breadcrumb\"},\"inLanguage\":\"de-CH\",\"potentialAction\":[{\"@type\":\"ReadAction\",\"target\":[\"https:\\\/\\\/ean-barcode.com\\\/nummern-vergabestellen-ean-gtin-isbn-issn\\\/\"]}]},{\"@type\":\"ImageObject\",\"inLanguage\":\"de-CH\",\"@id\":\"https:\\\/\\\/ean-barcode.com\\\/nummern-vergabestellen-ean-gtin-isbn-issn\\\/#primaryimage\",\"url\":\"https:\\/\\/ean-barcode.com\\/wp-content\\/uploads\\/2022\\/04\\/gtin-issn-isbn.jpg\",\"contentUrl\":\"https:\\/\\/ean-barcode.com\\/wp-content\\/uploads\\/2022\\/04\\/gtin-issn-isbn.jpg\",\"width\":1800,\"height\":300,\"caption\":\"GTIN (EAN), ISSN, ISBN\"},{\"@type\":\"BreadcrumbList\",\"@id\":\"https:\\\/\\\/ean-barcode.com\\\/nummern-vergabestellen-ean-gtin-isbn-issn\\\/#breadcrumb\",\"itemListElement\":[{\"@type\":\"ListItem\",\"position\":1,\"name\":\"Home\",\"item\":\"https:\\\/\\\/ean-barcode.com\\\/\"},{\"@type\":\"ListItem\",\"position\":2,\"name\":\"Vergabestellen f\u00fcr EAN (GTIN), ISBN und ISSN\"}]},{\"@type\":\"WebSite\",\"@id\":\"https:\\\/\\\/ean-barcode.com\\\/#website\",\"url\":\"https:\\\/\\\/ean-barcode.com\\\/\",\"name\":\"ean-barcode schweiz\",\"description\":\"Ihr Partner f\u00fcr EAN \\\/ GTIN \\\/ Barcodes \u2013 Schweiz und international\",\"publisher\":{\"@id\":\"https:\\\/\\\/ean-barcode.com\\\/#organization\"},\"potentialAction\":[{\"@type\":\"SearchAction\",\"target\":{\"@type\":\"EntryPoint\",\"urlTemplate\":\"https:\\\/\\\/ean-barcode.com\\\/?s={search_term_string}\"},\"query-input\":{\"@type\":\"PropertyValueSpecification\",\"valueRequired\":true,\"valueName\":\"search_term_string\"}}],\"inLanguage\":\"de-CH\"},{\"@type\":\"Organization\",\"@id\":\"https:\\\/\\\/ean-barcode.com\\\/#organization\",\"name\":\"ean-barcode schweiz\",\"url\":\"https:\\\/\\\/ean-barcode.com\\\/\",\"logo\":{\"@type\":\"ImageObject\",\"inLanguage\":\"de-CH\",\"@id\":\"https:\\\/\\\/ean-barcode.com\\\/#\\\/schema\\\/logo\\\/image\\\/\",\"url\":\"https:\\/\\/ean-barcode.com\\/wp-content\\/uploads\\/2022\\/04\\/ean-barcode-schweiz-logo_fb.jpg\",\"contentUrl\":\"https:\\/\\/ean-barcode.com\\/wp-content\\/uploads\\/2022\\/04\\/ean-barcode-schweiz-logo_fb.jpg\",\"width\":1200,\"height\":630,\"caption\":\"ean-barcode schweiz\"},\"image\":{\"@id\":\"https:\\\/\\\/ean-barcode.com\\\/#\\\/schema\\\/logo\\\/image\\\/\"},\"sameAs\":[\"https:\\\/\\\/www.facebook.com\\\/eanbarcode\",\"https:\\\/\\\/x.com\\\/ean_barcode\"]}]}<\/script>\n<!-- \/ Yoast SEO plugin. -->","yoast_head_json":{"title":"Vergabestellen f\u00fcr EAN (GTIN), ISBN und ISSN - ean-barcode schweiz","description":"Nummernvergabestellen der DACH-L\u00e4nder: Deutschland, \u00d6sterreich, Schweiz. EAN\/GTIN (diverse Produkte), ISBN (B\u00fccher), ISSN (Zeitschriften).","robots":{"index":"index","follow":"follow","max-snippet":"max-snippet:-1","max-image-preview":"max-image-preview:large","max-video-preview":"max-video-preview:-1"},"canonical":"https:\/\/ean-barcode.com\/nummern-vergabestellen-ean-gtin-isbn-issn\/","og_locale":"de_DE","og_type":"article","og_title":"Vergabestellen f\u00fcr EAN (GTIN), ISBN und ISSN","og_description":"Wir machen auch Barcodes aus schon registrierten Nummern (EAN\/GTIN, ISBN, ISSN). Wenn Sie aber nur einen einzelnen (oder wenige) EAN-Codes f\u00fcr Produkte brauchen, k\u00f6nnen Sie diese inkl. Nummer auch bei uns beziehen.","og_url":"https:\/\/ean-barcode.com\/nummern-vergabestellen-ean-gtin-isbn-issn\/","og_site_name":"ean-barcode schweiz","article_publisher":"https:\/\/www.facebook.com\/eanbarcode","article_modified_time":"2022-04-16T22:12:01+00:00","og_image":[{"url":"https:\/\/mlvyoc75bn9l.i.optimole.com\/w:1024\/h:171\/q:mauto\/ig:avif\/https:\/\/ean-barcode.com\/wp-content\/uploads\/2022\/04\/gtin-issn-isbn.jpg","type":"","width":"","height":""}],"twitter_card":"summary_large_image","twitter_site":"@ean_barcode","twitter_misc":{"Gesch\u00e4tzte Lesezeit":"1\u00a0Minute"},"schema":{"@context":"https:\/\/schema.org","@graph":[{"@type":"WebPage","@id":"https:\/\/ean-barcode.com\/nummern-vergabestellen-ean-gtin-isbn-issn\/","url":"https:\/\/ean-barcode.com\/nummern-vergabestellen-ean-gtin-isbn-issn\/","name":"Vergabestellen f\u00fcr EAN (GTIN), ISBN und ISSN - ean-barcode schweiz","isPartOf":{"@id":"https:\/\/ean-barcode.com\/#website"},"primaryImageOfPage":{"@id":"https:\/\/ean-barcode.com\/nummern-vergabestellen-ean-gtin-isbn-issn\/#primaryimage"},"image":{"@id":"https:\/\/ean-barcode.com\/nummern-vergabestellen-ean-gtin-isbn-issn\/#primaryimage"},"thumbnailUrl":"https:\/\/mlvyoc75bn9l.i.optimole.com\/w:1024\/h:171\/q:mauto\/ig:avif\/https:\/\/ean-barcode.com\/wp-content\/uploads\/2022\/04\/gtin-issn-isbn.jpg","datePublished":"2022-04-01T14:43:53+00:00","dateModified":"2022-04-16T22:12:01+00:00","description":"Nummernvergabestellen der DACH-L\u00e4nder: Deutschland, \u00d6sterreich, Schweiz. EAN\/GTIN (diverse Produkte), ISBN (B\u00fccher), ISSN (Zeitschriften).","breadcrumb":{"@id":"https:\/\/ean-barcode.com\/nummern-vergabestellen-ean-gtin-isbn-issn\/#breadcrumb"},"inLanguage":"de-CH","potentialAction":[{"@type":"ReadAction","target":["https:\/\/ean-barcode.com\/nummern-vergabestellen-ean-gtin-isbn-issn\/"]}]},{"@type":"ImageObject","inLanguage":"de-CH","@id":"https:\/\/ean-barcode.com\/nummern-vergabestellen-ean-gtin-isbn-issn\/#primaryimage","url":"https:\/\/mlvyoc75bn9l.i.optimole.com\/w:auto\/h:auto\/q:mauto\/ig:avif\/https:\/\/ean-barcode.com\/wp-content\/uploads\/2022\/04\/gtin-issn-isbn.jpg","contentUrl":"https:\/\/mlvyoc75bn9l.i.optimole.com\/w:auto\/h:auto\/q:mauto\/ig:avif\/https:\/\/ean-barcode.com\/wp-content\/uploads\/2022\/04\/gtin-issn-isbn.jpg","width":1800,"height":300,"caption":"GTIN (EAN), ISSN, ISBN"},{"@type":"BreadcrumbList","@id":"https:\/\/ean-barcode.com\/nummern-vergabestellen-ean-gtin-isbn-issn\/#breadcrumb","itemListElement":[{"@type":"ListItem","position":1,"name":"Home","item":"https:\/\/ean-barcode.com\/"},{"@type":"ListItem","position":2,"name":"Vergabestellen f\u00fcr EAN (GTIN), ISBN und ISSN"}]},{"@type":"WebSite","@id":"https:\/\/ean-barcode.com\/#website","url":"https:\/\/ean-barcode.com\/","name":"ean-barcode schweiz","description":"Ihr Partner f\u00fcr EAN \/ GTIN \/ Barcodes \u2013 Schweiz und international","publisher":{"@id":"https:\/\/ean-barcode.com\/#organization"},"potentialAction":[{"@type":"SearchAction","target":{"@type":"EntryPoint","urlTemplate":"https:\/\/ean-barcode.com\/?s={search_term_string}"},"query-input":{"@type":"PropertyValueSpecification","valueRequired":true,"valueName":"search_term_string"}}],"inLanguage":"de-CH"},{"@type":"Organization","@id":"https:\/\/ean-barcode.com\/#organization","name":"ean-barcode schweiz","url":"https:\/\/ean-barcode.com\/","logo":{"@type":"ImageObject","inLanguage":"de-CH","@id":"https:\/\/ean-barcode.com\/#\/schema\/logo\/image\/","url":"https:\/\/mlvyoc75bn9l.i.optimole.com\/w:auto\/h:auto\/q:mauto\/ig:avif\/https:\/\/ean-barcode.com\/wp-content\/uploads\/2022\/04\/ean-barcode-schweiz-logo_fb.jpg","contentUrl":"https:\/\/mlvyoc75bn9l.i.optimole.com\/w:auto\/h:auto\/q:mauto\/ig:avif\/https:\/\/ean-barcode.com\/wp-content\/uploads\/2022\/04\/ean-barcode-schweiz-logo_fb.jpg","width":1200,"height":630,"caption":"ean-barcode schweiz"},"image":{"@id":"https:\/\/ean-barcode.com\/#\/schema\/logo\/image\/"},"sameAs":["https:\/\/www.facebook.com\/eanbarcode","https:\/\/x.com\/ean_barcode"]}]}},"_links":{"self":[{"href":"https:\/\/ean-barcode.com\/wp-json\/wp\/v2\/pages\/120","targetHints":{"allow":["GET"]}}],"collection":[{"href":"https:\/\/ean-barcode.com\/wp-json\/wp\/v2\/pages"}],"about":[{"href":"https:\/\/ean-barcode.com\/wp-json\/wp\/v2\/types\/page"}],"author":[{"embeddable":true,"href":"https:\/\/ean-barcode.com\/wp-json\/wp\/v2\/users\/1"}],"replies":[{"embeddable":true,"href":"https:\/\/ean-barcode.com\/wp-json\/wp\/v2\/comments?post=120"}],"version-history":[{"count":0,"href":"https:\/\/ean-barcode.com\/wp-json\/wp\/v2\/pages\/120\/revisions"}],"wp:attachment":[{"href":"https:\/\/ean-barcode.com\/wp-json\/wp\/v2\/media?parent=120"}],"curies":[{"name":"wp","href":"https:\/\/api.w.org\/{rel}","templated":true}]}}